{"id":903,"date":"2015-10-19T08:24:08","date_gmt":"2015-10-19T08:24:08","guid":{"rendered":"http:\/\/eins-zwei-drei.es\/?page_id=903"},"modified":"2026-01-19T10:57:39","modified_gmt":"2026-01-19T10:57:39","slug":"kreativnachmittag","status":"publish","type":"page","link":"https:\/\/eins-zwei-drei.es\/de\/kreativnachmittag","title":{"rendered":"Kreativer Kindertanz &#8211; Nachmittagsangebot (3-5 Jahre)"},"content":{"rendered":"<p><span style=\"text-decoration: underline;\"><strong>Kreativer Kindertanz<\/strong><\/span><br \/>\n<strong>Mittwochs, 17:15 Uhr bis 18:00 Uhr (Start am 18. September 2024)<\/strong><br \/>\nOffen f\u00fcr alle Kinder von 3 bis 5 Jahren<img loading=\"lazy\" decoding=\"async\" class=\"size-medium wp-image-1518 alignright\" src=\"http:\/\/eins-zwei-drei.es\/wp-content\/uploads\/2015\/10\/Historia-de-Instagram-taller-de-danza-divertido-morado-250x300.png\" alt=\"Historia de Instagram taller de danza divertido morado\" width=\"250\" height=\"300\" srcset=\"https:\/\/eins-zwei-drei.es\/wp-content\/uploads\/2015\/10\/Historia-de-Instagram-taller-de-danza-divertido-morado-250x300.png 250w, https:\/\/eins-zwei-drei.es\/wp-content\/uploads\/2015\/10\/Historia-de-Instagram-taller-de-danza-divertido-morado-768x922.png 768w, https:\/\/eins-zwei-drei.es\/wp-content\/uploads\/2015\/10\/Historia-de-Instagram-taller-de-danza-divertido-morado-853x1024.png 853w, https:\/\/eins-zwei-drei.es\/wp-content\/uploads\/2015\/10\/Historia-de-Instagram-taller-de-danza-divertido-morado.png 1078w\" sizes=\"auto, (max-width: 250px) 100vw, 250px\" \/><\/p>\n<p style=\"text-align: left;\">Eine Verbindung zu unserem eigenen K\u00f6rper aufzubauen und ein K\u00f6rpergef\u00fchl zu erlangen kann schon in fr\u00fchem Alter interessant sein. Die intuitive Art von Kindern, ihren K\u00f6rper im Spiel und Lernen einzusetzen, bereitet eine perfekte Grundlage daf\u00fcr, Tanz als kreative Ausdrucksform zu erforschen.<\/p>\n<p>Auf spielerische und kreative Weise werden Kinder in diesem Kurs mit Bewegung und dem Rhythmus in ihrem eigenen K\u00f6rper vertraut gemacht. Durch einen abwechslungsreichen Unterrichtverlauf lernen wir Musik und Tanz kennen, erschaffen Fantasiewelten und finden unterschiedliche Formen um uns auszudr\u00fccken. Weiters erforschen wir das Tanzen in der Gruppe und das Aufbauen eines Miteinanders, sowie das individuelle Arbeiten nebeneinander.<\/p>\n<p class=\"p1\">Kursgeb\u00fchr: <strong>180 Euro<\/strong> pro Trimester<\/p>\n<p class=\"p1\">Gruppengr\u00f6\u00dfe: Max. 6 Kinder<\/p>\n<p class=\"p1\"><em>Anmeldung unter info@eins-zwei-drei.es oder Tel: 619588187<\/em><\/p>\n<p><\/p>","protected":false},"excerpt":{"rendered":"<p>Kreativer Kindertanz Mittwochs, 17:15 Uhr bis 18:00 Uhr (Start am 18. September 2024) Offen f\u00fcr alle Kinder von 3 bis 5 Jahren Eine Verbindung zu unserem eigenen K\u00f6rper aufzubauen und ein K\u00f6rpergef\u00fchl zu erlangen kann schon in fr\u00fchem Alter interessant sein. Die intuitive Art von Kindern, ihren K\u00f6rper im Spiel und Lernen einzusetzen, bereitet eine [&hellip;]<\/p>\n","protected":false},"author":1,"featured_media":905,"parent":0,"menu_order":0,"comment_status":"closed","ping_status":"closed","template":"","meta":{"footnotes":""},"class_list":["post-903","page","type-page","status-publish","has-post-thumbnail"],"_links":{"self":[{"href":"https:\/\/eins-zwei-drei.es\/de\/wp-json\/wp\/v2\/pages\/903","targetHints":{"allow":["GET"]}}],"collection":[{"href":"https:\/\/eins-zwei-drei.es\/de\/wp-json\/wp\/v2\/pages"}],"about":[{"href":"https:\/\/eins-zwei-drei.es\/de\/wp-json\/wp\/v2\/types\/page"}],"author":[{"embeddable":true,"href":"https:\/\/eins-zwei-drei.es\/de\/wp-json\/wp\/v2\/users\/1"}],"replies":[{"embeddable":true,"href":"https:\/\/eins-zwei-drei.es\/de\/wp-json\/wp\/v2\/comments?post=903"}],"version-history":[{"count":20,"href":"https:\/\/eins-zwei-drei.es\/de\/wp-json\/wp\/v2\/pages\/903\/revisions"}],"predecessor-version":[{"id":1575,"href":"https:\/\/eins-zwei-drei.es\/de\/wp-json\/wp\/v2\/pages\/903\/revisions\/1575"}],"wp:featuredmedia":[{"embeddable":true,"href":"https:\/\/eins-zwei-drei.es\/de\/wp-json\/wp\/v2\/media\/905"}],"wp:attachment":[{"href":"https:\/\/eins-zwei-drei.es\/de\/wp-json\/wp\/v2\/media?parent=903"}],"curies":[{"name":"wp","href":"https:\/\/api.w.org\/{rel}","templated":true}]}}