{"id":864,"date":"2015-10-11T14:13:58","date_gmt":"2015-10-11T14:13:58","guid":{"rendered":"http:\/\/eins-zwei-drei.es\/?page_id=864"},"modified":"2024-09-04T12:39:20","modified_gmt":"2024-09-04T12:39:20","slug":"deutsch-familienmusik-eltern-kind-singen","status":"publish","type":"page","link":"https:\/\/eins-zwei-drei.es\/de\/deutsch-familienmusik-eltern-kind-singen","title":{"rendered":"Familienmusik &#8211; Eltern-Kind-Singen"},"content":{"rendered":"<strong><span style=\"text-decoration: underline;\"><a href=\"http:\/\/eins-zwei-drei.es\/wp-content\/uploads\/2015\/10\/eltern-kind-singen.png\"><img loading=\"lazy\" decoding=\"async\" class=\"alignright wp-image-874\" src=\"http:\/\/eins-zwei-drei.es\/wp-content\/uploads\/2015\/10\/eltern-kind-singen.png\" alt=\"eltern-kind-singen\" width=\"198\" height=\"209\" \/><\/a>Familienmusik &#8211; Eltern-Kind-Singen<\/span><\/strong>\r\n\r\n<strong> Montags und Donnerstags 17.15 &#8211; 18.00 h\r\n<em>Beginn am 16.09.2024 &amp; 19.09.2024<\/em><\/strong><strong>\r\n<\/strong>\r\n\r\n&nbsp;\r\n\r\nOffen f\u00fcr Kinder von 0 bis 4 Jahren und ihre Eltern\/Begleiter.\r\n\r\nSprache ist Rhythmus und Melodie, deswegen helfen Lieder und Reime besonders bei der Sprachentwicklung. Wir werden bekannte Volks- und Kinderlieder, modernere Lieder und auch selbstgeschriebene Lieder kennenlernen.\r\n\r\nKinder und Eltern erfahren beim gemeinsamen Musizieren ihre Stimme und ihren K\u00f6rper als lebendige Instrumente. Dadurch er\u00f6ffnet sich ihnen die Welt der Musik. Das Kind entwickelt in seinen ersten Jahren seine ganz eigene Musikalit\u00e4t. Wenn wir mit den Kindern singen, unterst\u00fctzen wir sie auf diesem Weg.\r\n\r\nAuch die Aufmerksamkeit wird verbessert und Struktur tr\u00e4gt dazu bei, die Sicherheit des Kindes aufzubauen. Deswegen werden wir Lieder und Reime regelm\u00e4ssig wiederholen. Durch gemeinsames Musizieren werden soziale Beziehungen positiv gest\u00e4rkt und vertieft. Eine gemeinsame Sprache wird erlebt und erlernt: Die der Musik, des Rhythmus&#8216; und der gesungenen Texte.\r\n\r\n\u201eFamilienmusik&#8220; wird von Nuria Luterbacher, Logop\u00e4din, Musiktherapeutin und klassische S\u00e4ngerin durchgef\u00fchrt.\r\n\r\nPreis f\u00fcr ein Trimester: <strong>180 Euro<\/strong>\r\nMax. 8 Kinder und ihre Eltern\/Begleiter pro Kurs\r\n<em>\r\nAnmeldung und mehr Information unter info@eins-zwei-drei.es .<\/em>","protected":false},"excerpt":{"rendered":"<p>Familienmusik &#8211; Eltern-Kind-Singen Montags und Donnerstags 17.15 &#8211; 18.00 h Beginn am 16.09.2024 &amp; 19.09.2024 &nbsp; Offen f\u00fcr Kinder von 0 bis 4 Jahren und ihre Eltern\/Begleiter. Sprache ist Rhythmus und Melodie, deswegen helfen Lieder und Reime besonders bei der Sprachentwicklung. Wir werden bekannte Volks- und Kinderlieder, modernere Lieder und auch selbstgeschriebene Lieder kennenlernen. Kinder [&hellip;]<\/p>\n","protected":false},"author":1,"featured_media":0,"parent":0,"menu_order":0,"comment_status":"closed","ping_status":"closed","template":"","meta":{"footnotes":""},"class_list":["post-864","page","type-page","status-publish"],"_links":{"self":[{"href":"https:\/\/eins-zwei-drei.es\/de\/wp-json\/wp\/v2\/pages\/864","targetHints":{"allow":["GET"]}}],"collection":[{"href":"https:\/\/eins-zwei-drei.es\/de\/wp-json\/wp\/v2\/pages"}],"about":[{"href":"https:\/\/eins-zwei-drei.es\/de\/wp-json\/wp\/v2\/types\/page"}],"author":[{"embeddable":true,"href":"https:\/\/eins-zwei-drei.es\/de\/wp-json\/wp\/v2\/users\/1"}],"replies":[{"embeddable":true,"href":"https:\/\/eins-zwei-drei.es\/de\/wp-json\/wp\/v2\/comments?post=864"}],"version-history":[{"count":65,"href":"https:\/\/eins-zwei-drei.es\/de\/wp-json\/wp\/v2\/pages\/864\/revisions"}],"predecessor-version":[{"id":1535,"href":"https:\/\/eins-zwei-drei.es\/de\/wp-json\/wp\/v2\/pages\/864\/revisions\/1535"}],"wp:attachment":[{"href":"https:\/\/eins-zwei-drei.es\/de\/wp-json\/wp\/v2\/media?parent=864"}],"curies":[{"name":"wp","href":"https:\/\/api.w.org\/{rel}","templated":true}]}}