{"id":717,"date":"2015-08-23T09:09:19","date_gmt":"2015-08-23T09:09:19","guid":{"rendered":"http:\/\/eins-zwei-drei.es\/?page_id=717"},"modified":"2023-12-18T17:07:37","modified_gmt":"2023-12-18T17:07:37","slug":"maltraumnachmittagsangebot","status":"publish","type":"page","link":"https:\/\/eins-zwei-drei.es\/de\/konzept\/maltraumnachmittagsangebot","title":{"rendered":"Mal(T)Raum &#8211; Nachmittagsangebot (2-6 Jahre)"},"content":{"rendered":"<p><strong><span style=\"text-decoration: underline;\">Mal(T)Raum<\/span><\/strong><br \/>\n<strong>Dienstags, 17:10 Uhr bis 18:00 Uhr (Start am 09.Januar 2024)<\/strong><br \/>\nOffen f\u00fcr alle Kinder von 2 bis 6 Jahren<\/p>\n<p class=\"p1\"><span class=\"s1\">Jedes Kind ist ein K\u00fcnstler&#8220;, sagte einst Pablo Picasso. Dieser Satz unterstreicht die reiche Kreativit\u00e4t und die lebhafte Fantasie, die besonders im jungen Alter jedes Kindes bl\u00fchen.<\/span><\/p>\n<p class=\"p1\">Bei diesem Nachmittagsangebot k\u00f6nnen sich die Kinder k\u00fcnstlerisch frei entfalten. Von zeichnen, malen, basteln, kneten bis hin zu sensorischen Angeboten f\u00fcr die J\u00fcngeren &#8211; es ist f\u00fcr alle etwas dabei.<\/p>\n<p class=\"p1\"><span class=\"s1\">Unser Workshop \u201eMal(T)Raum\u201c, angeleitet von der erfahrenen Erzieherin Raquel (Mitarbeiterin bei Eins Zwei Drei), bietet Kindern einen Raum, sich frei auszudr\u00fccken und dabei gleichzeitig ihre Deutschkenntnisse zu entwickeln oder zu vertiefen.<\/span><\/p>\n<p class=\"p1\">\n<p class=\"p1\">Kursgeb\u00fchr: <strong>180 Euro<\/strong> pro Trimester<\/p>\n<p class=\"p1\">Gruppengr\u00f6\u00dfe: Max. 8 Kinder<\/p>\n<p class=\"p1\">\n<p class=\"p1\"><em>Anmeldung unter info@eins-zwei-drei.es oder Tel: 619588187<\/em><\/p>\n<p><\/p>","protected":false},"excerpt":{"rendered":"<p>Mal(T)Raum Dienstags, 17:10 Uhr bis 18:00 Uhr (Start am 09.Januar 2024) Offen f\u00fcr alle Kinder von 2 bis 6 Jahren Jedes Kind ist ein K\u00fcnstler&#8220;, sagte einst Pablo Picasso. Dieser Satz unterstreicht die reiche Kreativit\u00e4t und die lebhafte Fantasie, die besonders im jungen Alter jedes Kindes bl\u00fchen. Bei diesem Nachmittagsangebot k\u00f6nnen sich die Kinder k\u00fcnstlerisch [&hellip;]<\/p>\n","protected":false},"author":1,"featured_media":0,"parent":10,"menu_order":0,"comment_status":"open","ping_status":"closed","template":"","meta":{"footnotes":""},"class_list":["post-717","page","type-page","status-publish"],"_links":{"self":[{"href":"https:\/\/eins-zwei-drei.es\/de\/wp-json\/wp\/v2\/pages\/717","targetHints":{"allow":["GET"]}}],"collection":[{"href":"https:\/\/eins-zwei-drei.es\/de\/wp-json\/wp\/v2\/pages"}],"about":[{"href":"https:\/\/eins-zwei-drei.es\/de\/wp-json\/wp\/v2\/types\/page"}],"author":[{"embeddable":true,"href":"https:\/\/eins-zwei-drei.es\/de\/wp-json\/wp\/v2\/users\/1"}],"replies":[{"embeddable":true,"href":"https:\/\/eins-zwei-drei.es\/de\/wp-json\/wp\/v2\/comments?post=717"}],"version-history":[{"count":13,"href":"https:\/\/eins-zwei-drei.es\/de\/wp-json\/wp\/v2\/pages\/717\/revisions"}],"predecessor-version":[{"id":1504,"href":"https:\/\/eins-zwei-drei.es\/de\/wp-json\/wp\/v2\/pages\/717\/revisions\/1504"}],"up":[{"embeddable":true,"href":"https:\/\/eins-zwei-drei.es\/de\/wp-json\/wp\/v2\/pages\/10"}],"wp:attachment":[{"href":"https:\/\/eins-zwei-drei.es\/de\/wp-json\/wp\/v2\/media?parent=717"}],"curies":[{"name":"wp","href":"https:\/\/api.w.org\/{rel}","templated":true}]}}