{"id":457,"date":"2015-04-19T08:37:01","date_gmt":"2015-04-19T08:37:01","guid":{"rendered":"http:\/\/eins-zwei-drei.es\/?page_id=457"},"modified":"2017-07-21T07:15:13","modified_gmt":"2017-07-21T07:15:13","slug":"sprache","status":"publish","type":"page","link":"https:\/\/eins-zwei-drei.es\/de\/sprache","title":{"rendered":"Sprache"},"content":{"rendered":"<p>Den perfekten Zeitpunkt, um eine zweite Sprache zu lernen, gibt es nicht. Allerdings ist sich die Wissenschaft einig, dass Kinder neue Sprachen leichter erlernen als Erwachsene. Voraussetzung allerdings: Das Kind muss mit der Sprache regelm\u00e4\u00dfig in Kontakt sein \u2013 nur ein paar S\u00e4tze am Tag reichen da nicht aus.<\/p>\n<p>Das ist einer der Gr\u00fcnde, weswegen wir bei Eins Zwei Drei \u2013 Kinder in Gracia den Fokus bei der Kinderbetreuung voll und ganz auf Deutsch legen und keine bilinguale Erziehung anbieten. Unsere Kinder wachsen hier in Barcelona in einem spanisch\/katalanischen Umfeld auf und erlernen diese Sprachen in ihrem Alltag, in der Familie und mit ihren Freunden. Eins Zwei Drei \u2013 Kinder in Gracia bietet eine t\u00e4gliche Sprachinsel, auf der die Kinder von klein auf f\u00fcr mehrere Stunden in die deutsche Sprache eintauchen.<\/p>\n<p>Bei Eins Zwei Drei &#8211; Kinder in Gracia sprechen unsere ErzieherInnen &#8211; alle deutsche Muttersprachler &#8211; mit den Kindern den ganzen Tag auf Deutsch. Alle Aktivit\u00e4ten in unserem Tagesablauf sind mit sprachlicher Kommunikation verbunden und lassen die Kleinen die deutsche Sprache erleben, erkunden und spielerisch lernen.<\/p>\n<p>In unserem t\u00e4glichen Morgenkreis kommen alle Kinder zusammen, singen gemeinsam Lieder, spielen in der Gruppe und erz\u00e4hlen einander Erlebnisse und Geschichten. Hierbei f\u00f6rdern und fordern unsere ErzieherInnen die Kinder sprachlich, und achten nat\u00fcrlich darauf, dass alle zu Wort kommen und sprechen.<\/p>\n<p>Unsere ErzieherInnen begleiten nach dem Konzept von Emmi Pikler alle Aktionen mit Kommentaren. Sprache und K\u00f6rpersprache spielen hier durchgehend und w\u00e4hrend des gesamten Kita-Alltags eine entscheidende Rolle.<\/p>\n<p>Weiterf\u00fchrende Informationen zu Kindern und Sprache:<\/p>\n<ul>\n<li><a href=\"http:\/\/www.mpi.nl\/q-a\/fragen-und-antworten\/in-welchem-alter-sollte-ein-kind-eine-zweite-sprache-erlernen\" target=\"_blank\">In welchem Alter sollte ein Kind eine zweite Sprache erlernen? <\/a>(Max Planck Institute for Psycholinguistics)<\/li>\n<li><a href=\"http:\/\/cms-test.goethe.de\/ins\/cn\/de\/lp\/sdl\/aus\/7142444.html\" target=\"_blank\">Die Rolle des Alters beim Sprachenlernen<\/a> (Goethe-Institut)<\/li>\n<li><a href=\"http:\/\/www.abendblatt.de\/ratgeber\/wissen\/forschung\/article107134462\/Mit-vier-Jahren-die-zweite-Sprache-lernen.html\" target=\"_blank\">&#8222;Die optimale Phase, um eine Sprache auf dem Niveau eines Muttersprachlers zu lernen, endet mit vier Jahren&#8220; <\/a>(Hamburger Abendblatt)<\/li>\n<\/ul>\n<p><\/p>","protected":false},"excerpt":{"rendered":"<p>Den perfekten Zeitpunkt, um eine zweite Sprache zu lernen, gibt es nicht. Allerdings ist sich die Wissenschaft einig, dass Kinder neue Sprachen leichter erlernen als Erwachsene. Voraussetzung allerdings: Das Kind muss mit der Sprache regelm\u00e4\u00dfig in Kontakt sein \u2013 nur ein paar S\u00e4tze am Tag reichen da nicht aus. Das ist einer der Gr\u00fcnde, weswegen [&hellip;]<\/p>\n","protected":false},"author":1,"featured_media":0,"parent":0,"menu_order":0,"comment_status":"open","ping_status":"open","template":"","meta":{"footnotes":""},"class_list":["post-457","page","type-page","status-publish"],"_links":{"self":[{"href":"https:\/\/eins-zwei-drei.es\/de\/wp-json\/wp\/v2\/pages\/457","targetHints":{"allow":["GET"]}}],"collection":[{"href":"https:\/\/eins-zwei-drei.es\/de\/wp-json\/wp\/v2\/pages"}],"about":[{"href":"https:\/\/eins-zwei-drei.es\/de\/wp-json\/wp\/v2\/types\/page"}],"author":[{"embeddable":true,"href":"https:\/\/eins-zwei-drei.es\/de\/wp-json\/wp\/v2\/users\/1"}],"replies":[{"embeddable":true,"href":"https:\/\/eins-zwei-drei.es\/de\/wp-json\/wp\/v2\/comments?post=457"}],"version-history":[{"count":20,"href":"https:\/\/eins-zwei-drei.es\/de\/wp-json\/wp\/v2\/pages\/457\/revisions"}],"predecessor-version":[{"id":1119,"href":"https:\/\/eins-zwei-drei.es\/de\/wp-json\/wp\/v2\/pages\/457\/revisions\/1119"}],"wp:attachment":[{"href":"https:\/\/eins-zwei-drei.es\/de\/wp-json\/wp\/v2\/media?parent=457"}],"curies":[{"name":"wp","href":"https:\/\/api.w.org\/{rel}","templated":true}]}}