{"id":450,"date":"2015-04-18T14:07:32","date_gmt":"2015-04-18T14:07:32","guid":{"rendered":"http:\/\/eins-zwei-drei.es\/?page_id=450"},"modified":"2021-09-10T17:13:00","modified_gmt":"2021-09-10T17:13:00","slug":"tagesablauf","status":"publish","type":"page","link":"https:\/\/eins-zwei-drei.es\/de\/tagesablauf","title":{"rendered":"Tagesablauf"},"content":{"rendered":"<p>Jeder Tag hat bei uns ein Grundger\u00fcst, an dem sich die Kinder orientieren k\u00f6nnen. Auch wenn es nat\u00fcrlich zu \u00c4nderungen kommen kann, sieht bei Eins Zwei Drei ein Tag etwa so aus.<\/p>\n<p><strong>8:30- 9:30<\/strong><br \/>\noffene Bringzeit<br \/>\nBegr\u00fc\u00dfung<br \/>\nFreispiel<\/p>\n<p><strong>9:45<\/strong><br \/>\ngemeinsames Fr\u00fchst\u00fcck<br \/>\nMorgenkreis<br \/>\nTanz, Musik, Malen, Freispiel<br \/>\nAusflug auf umliegende Spielpl\u00e4tze oder zum <a href=\"http:\/\/eins-zwei-drei.es\/visitas-en-el-jardin-del-silencio\">Jard\u00edn del Silencio<\/a><\/p>\n<p><strong>11:30<\/strong><br \/>\nMittagessen<\/p>\n<p><strong>12:30 &#8211; 12:45<\/strong><br \/>\nAbholphase und Verabschiedung f\u00fcr Morgen-Kinder<br \/>\nBringzeit Nachmittagskinder<\/p>\n<p><strong>13:00 &#8211; 14:30<\/strong><br \/>\nTraumstunde<\/p>\n<p><strong>14:45 &#8211; 15:00<\/strong><br \/>\nAbholphase und Verabschiedung f\u00fcr Halbtags-Kinder<\/p>\n<p><strong>15:15<\/strong><br \/>\nSnack<\/p>\n<p><strong>15:30<\/strong><br \/>\nNachmittagsaktivit\u00e4ten wie<br \/>\nTanz, Musik, Malen, Freispiel, Ausflug<br \/>\nNachmittagskreis<br \/>\n<strong>16:45 &#8211; 17:00 <\/strong><br \/>\nAbholphase und Verabschiedung f\u00fcr Ganztags-Kinder<\/p>","protected":false},"excerpt":{"rendered":"<p>Jeder Tag hat bei uns ein Grundger\u00fcst, an dem sich die Kinder orientieren k\u00f6nnen. Auch wenn es nat\u00fcrlich zu \u00c4nderungen kommen kann, sieht bei Eins Zwei Drei ein Tag etwa so aus. 8:30- 9:30 offene Bringzeit Begr\u00fc\u00dfung Freispiel 9:45 gemeinsames Fr\u00fchst\u00fcck Morgenkreis Tanz, Musik, Malen, Freispiel Ausflug auf umliegende Spielpl\u00e4tze oder zum Jard\u00edn del Silencio [&hellip;]<\/p>\n","protected":false},"author":1,"featured_media":0,"parent":0,"menu_order":0,"comment_status":"open","ping_status":"open","template":"","meta":{"footnotes":""},"class_list":["post-450","page","type-page","status-publish"],"_links":{"self":[{"href":"https:\/\/eins-zwei-drei.es\/de\/wp-json\/wp\/v2\/pages\/450","targetHints":{"allow":["GET"]}}],"collection":[{"href":"https:\/\/eins-zwei-drei.es\/de\/wp-json\/wp\/v2\/pages"}],"about":[{"href":"https:\/\/eins-zwei-drei.es\/de\/wp-json\/wp\/v2\/types\/page"}],"author":[{"embeddable":true,"href":"https:\/\/eins-zwei-drei.es\/de\/wp-json\/wp\/v2\/users\/1"}],"replies":[{"embeddable":true,"href":"https:\/\/eins-zwei-drei.es\/de\/wp-json\/wp\/v2\/comments?post=450"}],"version-history":[{"count":26,"href":"https:\/\/eins-zwei-drei.es\/de\/wp-json\/wp\/v2\/pages\/450\/revisions"}],"predecessor-version":[{"id":1413,"href":"https:\/\/eins-zwei-drei.es\/de\/wp-json\/wp\/v2\/pages\/450\/revisions\/1413"}],"wp:attachment":[{"href":"https:\/\/eins-zwei-drei.es\/de\/wp-json\/wp\/v2\/media?parent=450"}],"curies":[{"name":"wp","href":"https:\/\/api.w.org\/{rel}","templated":true}]}}