{"id":44,"date":"2015-03-14T19:46:34","date_gmt":"2015-03-14T19:46:34","guid":{"rendered":"http:\/\/eins-zwei-drei.es\/?page_id=44"},"modified":"2026-01-19T11:04:20","modified_gmt":"2026-01-19T11:04:20","slug":"oeffnungszeiten-gebuehren","status":"publish","type":"page","link":"https:\/\/eins-zwei-drei.es\/de\/oeffnungszeiten-gebuehren","title":{"rendered":"\u00d6ffnungszeiten &#038; Geb\u00fchren"},"content":{"rendered":"<p><span style=\"text-decoration: underline;\"><strong>\u00d6ffnungszeiten<\/strong><\/span><\/p>\n<p>Die \u00d6ffnungszeiten von Eins Zwei Drei &#8211; Kinder in Gracia sind von Montag bis Freitag von 8.30 bis 17 Uhr. Wir sind ganzj\u00e4hrig ge\u00f6ffnet, mit Ausnahme der Weihnachtsferien und der Semana Santa (Osterwoche).<\/p>\n<p>Wir bieten Montag bis Freitag verschiedene Betreuungszeiten an:<br \/>\nVormittags: <strong>8.30 bis 12.30 Uhr<\/strong><br \/>\nHalbtags: <strong>8.30 bis 15 Uhr<\/strong><br \/>\nGanztags: <strong>8.30 bis 17 Uhr<\/strong><\/p>\n<p>Die Kinder k\u00f6nnen zwischen 8.30 Uhr und 9.30 Uhr in die Kita gebracht werden, um einen geregelten Tagesablauf zu gew\u00e4hrleisten.<\/p>\n<p><a name=\"gebuehren\"><\/a><br \/>\n<span style=\"text-decoration: underline;\"><strong>Geb\u00fchren<\/strong><\/span><\/p>\n<p>Die monatliche Betreuungs-Geb\u00fchr betr\u00e4gt (inkl. MwSt, Preise ab 01.09.24):<\/p>\n<p><strong>5 Tage pro Woche<\/strong><br \/>\nVormittags: <strong>450 Euro<\/strong><br \/>\nHalbtags: <strong>575 Euro<\/strong><br \/>\nGanztags: <strong>700 E<\/strong><strong>uro<\/strong><\/p>\n<p>Die Betreuungs-Geb\u00fchr enth\u00e4lt neben der Unfallversicherung f\u00fcr euer Kind auch das t\u00e4gliche Frucht-Fr\u00fchst\u00fcck und die Nachmittagsmahlzeit.<\/p>\n<p>Aufnahmegeb\u00fchr: <strong>320 Euro<\/strong><\/p>\n<p>Materialkosten (erst nach einem Jahr f\u00e4llig):\u00a0<strong>320 Euro<\/strong><\/p>\n<p>Sollte euer Kind das Catering in Anspruch nehmen, kommen in diesem Fall die Geb\u00fchren f\u00fcr das Mittagessen hinzu.<\/p>\n<p>Besuchen Geschwister gleichzeitig die Kita, gew\u00e4hren wir eine Erm\u00e4\u00dfigung von 20 Prozent auf die Betreuungs-Geb\u00fchr.<\/p>","protected":false},"excerpt":{"rendered":"<p>\u00d6ffnungszeiten Die \u00d6ffnungszeiten von Eins Zwei Drei &#8211; Kinder in Gracia sind von Montag bis Freitag von 8.30 bis 17 Uhr. Wir sind ganzj\u00e4hrig ge\u00f6ffnet, mit Ausnahme der Weihnachtsferien und der Semana Santa (Osterwoche). Wir bieten Montag bis Freitag verschiedene Betreuungszeiten an: Vormittags: 8.30 bis 12.30 Uhr Halbtags: 8.30 bis 15 Uhr Ganztags: 8.30 bis [&hellip;]<\/p>\n","protected":false},"author":1,"featured_media":0,"parent":0,"menu_order":0,"comment_status":"open","ping_status":"open","template":"","meta":{"footnotes":""},"class_list":["post-44","page","type-page","status-publish"],"_links":{"self":[{"href":"https:\/\/eins-zwei-drei.es\/de\/wp-json\/wp\/v2\/pages\/44","targetHints":{"allow":["GET"]}}],"collection":[{"href":"https:\/\/eins-zwei-drei.es\/de\/wp-json\/wp\/v2\/pages"}],"about":[{"href":"https:\/\/eins-zwei-drei.es\/de\/wp-json\/wp\/v2\/types\/page"}],"author":[{"embeddable":true,"href":"https:\/\/eins-zwei-drei.es\/de\/wp-json\/wp\/v2\/users\/1"}],"replies":[{"embeddable":true,"href":"https:\/\/eins-zwei-drei.es\/de\/wp-json\/wp\/v2\/comments?post=44"}],"version-history":[{"count":112,"href":"https:\/\/eins-zwei-drei.es\/de\/wp-json\/wp\/v2\/pages\/44\/revisions"}],"predecessor-version":[{"id":1578,"href":"https:\/\/eins-zwei-drei.es\/de\/wp-json\/wp\/v2\/pages\/44\/revisions\/1578"}],"wp:attachment":[{"href":"https:\/\/eins-zwei-drei.es\/de\/wp-json\/wp\/v2\/media?parent=44"}],"curies":[{"name":"wp","href":"https:\/\/api.w.org\/{rel}","templated":true}]}}