{"id":216,"date":"2015-04-06T08:49:30","date_gmt":"2015-04-06T08:49:30","guid":{"rendered":"http:\/\/eins-zwei-drei.es\/?page_id=216"},"modified":"2018-11-26T15:36:38","modified_gmt":"2018-11-26T15:36:38","slug":"die-idee-hinter-eins-zwei-drei","status":"publish","type":"page","link":"https:\/\/eins-zwei-drei.es\/de\/die-idee-hinter-eins-zwei-drei","title":{"rendered":"Die Idee hinter Eins Zwei Drei"},"content":{"rendered":"<p>&nbsp;<\/p>\n<p>Die Kindertagesst\u00e4tte wurde im Mai 2015 gegr\u00fcndet. Hier eine kleine Geschichte dazu von Wolfgang Harbauer, Gr\u00fcnder und ehemaliger Gesch\u00e4ftsf\u00fchrer:<\/p>\n<p>&#8222;Die Idee zu Eins Zwei Drei &#8211; Kinder in Gracia ist kurz vor der Geburt unserer Tochter Emily im Sommer 2014 entstanden. Wir &#8211; Patricia (aus dem andalusischen M\u00e1laga) und Wolfgang (aus einem Dorf in Nordbayern) &#8211; \u00fcberlegten uns, wie wir unserer Tochter eines der gr\u00f6\u00dften Geschenke \u00fcberhaupt machen k\u00f6nnen: Zweisprachig aufzuwachsen.<\/p>\n<p><strong><strong>Klares Konzept und Erziehung auf Deutsch<\/strong><\/strong><\/p>\n<p>Also machten wir uns auf die Suche nach einem deutschen Kindergarten in Barcelona. Leider ist das Angebot an Pl\u00e4tzen in deutschsprachigen Kinderg\u00e4rten in Barcelona nicht allzu gro\u00df. Auch war f\u00fcr uns der Fokus: Wir suchen eine Kita f\u00fcr Kleinkinder mit einem klar definierten p\u00e4dagogischen Konzept und einer fundierten Spracherziehung auf Deutsch.<\/p>\n<p><strong>Fr\u00f6hliche und sichere Umgebung im Herzen von Barcelona<\/strong><\/p>\n<p>Gemeinsam mit unseren deutschen Erziehern haben wir die Idee von Eins Zwei Drei &#8211; Kinder in Gracia dann in die Tat umgesetzt. Wir wollen mit Eins Zwei Drei den Kindern eine fr\u00f6hliche und sichere Umgebung bieten, in der sich die Kleinen voll entfalten und weiterentwickeln k\u00f6nnen. Wir wollen, dass ihr als Eltern wisst, dass euer Nachwuchs bei uns gut aufgehoben und dank des hohen Betreuungsschl\u00fcssel bestens versorgt ist. Pro ErzieherIn betreuen wir maximal 5 Kinder. Mehr zu unserem p\u00e4dagogischen Konzept <a href=\"http:\/\/eins-zwei-drei.es\/konzept\">findet ihr hier<\/a>.<\/p>\n<p><strong>Unsere Philosophie als Unternehmen<\/strong><\/p>\n<p>Eins Zwei Drei &#8211; Kinder in Gracia ist eine private Initiative und finanziert sich ausschlie\u00dflich \u00fcber die von den Eltern bezahlten Geb\u00fchren. Obwohl privat, sind wir nicht profitorientiert (in dem Wissen, wohin Gewinnmaximierung die Welt bisher gebracht hat). Wir setzen auf eine transparente, solide Finanzierung, eventuelle \u00dcbersch\u00fcsse investieren wir direkt in die Kita und in die Weiterbildung und Erweiterung unseres Personals.<\/p>\n<p>Wir legen bei all unseren Aktivit\u00e4ten und Zusammenarbeit mit anderen Unternehmen Wert auf lokale Konzepte und \u00f6kologische Ans\u00e4tze.<\/p>\n<p>Wenn ihr neugierig geworden seid oder Fragen habt, schaut doch einfach mal vorbei und kontaktiert uns unter info@eins-zwei-drei.es.&#8220;<\/p>\n<p><em>Patricia und Wolfgang, April 2014<\/em><\/p>","protected":false},"excerpt":{"rendered":"<p>&nbsp; Die Kindertagesst\u00e4tte wurde im Mai 2015 gegr\u00fcndet. Hier eine kleine Geschichte dazu von Wolfgang Harbauer, Gr\u00fcnder und ehemaliger Gesch\u00e4ftsf\u00fchrer: &#8222;Die Idee zu Eins Zwei Drei &#8211; Kinder in Gracia ist kurz vor der Geburt unserer Tochter Emily im Sommer 2014 entstanden. Wir &#8211; Patricia (aus dem andalusischen M\u00e1laga) und Wolfgang (aus einem Dorf in [&hellip;]<\/p>\n","protected":false},"author":1,"featured_media":0,"parent":0,"menu_order":0,"comment_status":"open","ping_status":"open","template":"","meta":{"footnotes":""},"class_list":["post-216","page","type-page","status-publish"],"_links":{"self":[{"href":"https:\/\/eins-zwei-drei.es\/de\/wp-json\/wp\/v2\/pages\/216","targetHints":{"allow":["GET"]}}],"collection":[{"href":"https:\/\/eins-zwei-drei.es\/de\/wp-json\/wp\/v2\/pages"}],"about":[{"href":"https:\/\/eins-zwei-drei.es\/de\/wp-json\/wp\/v2\/types\/page"}],"author":[{"embeddable":true,"href":"https:\/\/eins-zwei-drei.es\/de\/wp-json\/wp\/v2\/users\/1"}],"replies":[{"embeddable":true,"href":"https:\/\/eins-zwei-drei.es\/de\/wp-json\/wp\/v2\/comments?post=216"}],"version-history":[{"count":58,"href":"https:\/\/eins-zwei-drei.es\/de\/wp-json\/wp\/v2\/pages\/216\/revisions"}],"predecessor-version":[{"id":1203,"href":"https:\/\/eins-zwei-drei.es\/de\/wp-json\/wp\/v2\/pages\/216\/revisions\/1203"}],"wp:attachment":[{"href":"https:\/\/eins-zwei-drei.es\/de\/wp-json\/wp\/v2\/media?parent=216"}],"curies":[{"name":"wp","href":"https:\/\/api.w.org\/{rel}","templated":true}]}}