{"id":13,"date":"2022-09-22T21:00:31","date_gmt":"2022-09-22T21:00:31","guid":{"rendered":"http:\/\/eins-zwei-drei.es\/?page_id=13"},"modified":"2026-01-19T10:38:14","modified_gmt":"2026-01-19T10:38:14","slug":"team","status":"publish","type":"page","link":"https:\/\/eins-zwei-drei.es\/de\/team","title":{"rendered":"Team"},"content":{"rendered":"<p><strong>&#8222;Wer betreut denn dann meinen Nachwuchs?&#8220; &#8211; diese Frage stellt ihr euch als Eltern bei der Kita-Auswahl nat\u00fcrlich. Wir wollen uns vorstellen und freuen uns darauf, euer Kind und euch pers\u00f6nlich kennenzulernen.<\/strong><\/p>\n<p>&nbsp;<\/p>\n<p style=\"text-align: left;\"><strong><a href=\"http:\/\/eins-zwei-drei.es\/wp-content\/uploads\/2021\/03\/zeller-transparent.png\"><img loading=\"lazy\" decoding=\"async\" class=\"size-full wp-image-1362 alignleft\" src=\"http:\/\/eins-zwei-drei.es\/wp-content\/uploads\/2021\/03\/zeller-transparent.png\" alt=\"zeller-transparent\" width=\"166\" height=\"166\" srcset=\"https:\/\/eins-zwei-drei.es\/wp-content\/uploads\/2021\/03\/zeller-transparent.png 166w, https:\/\/eins-zwei-drei.es\/wp-content\/uploads\/2021\/03\/zeller-transparent-150x150.png 150w\" sizes=\"auto, (max-width: 166px) 100vw, 166px\" \/><\/a>Carolin &#8222;Caro&#8220; Zeller, staatlich anerkannte Erzieherin<\/strong><\/p>\n<p>Seit ich im Sommer 2015 meine Ausbildung zur staatlich anerkannten Erzieherin erfolgreich abgeschlossen habe, konnte ich schon Erfahrungen mit der\u00a0Arbeit mit Kindern in verschiedenen Altersgruppen sammeln. Besonders spannend und bedeutungsvoll\u00a0an meinem Beruf finde ich, dass man\u00a0Kinder\u00a0bei ihren ersten Entwicklungsschritten und Lebenserfahrungen begleiten und unterst\u00fctzen\u00a0kann. Es macht mir viel Freude,\u00a0tagt\u00e4glich ihre Lernprozesse mitzuerleben und sie darin\u00a0zu best\u00e4rken, zu selbstst\u00e4ndigen, ausgeglichenen\u00a0und individuellen Pers\u00f6nlichkeiten\u00a0heranzuwachsen, die am Ende ihrer Kitazeit mutig in Richtung Zukunft aufbrechen.<\/p>\n<p>Seit August 2019 lebe ich nun in Barcelona und nachdem ich im vergangenen Jahr verschiedene\u00a0Jobs als Nanny und private Deutschlehrerin ausgef\u00fchrt habe, freue ich mich nun sehr, seit August 2020\u00a0zum Team von Eins Zwei Drei zu geh\u00f6ren.<\/p>\n<p>&nbsp;<\/p>\n<p><a href=\"http:\/\/eins-zwei-drei.es\/wp-content\/uploads\/2022\/09\/Unbenannt.png\"><img loading=\"lazy\" decoding=\"async\" class=\"wp-image-1480 alignleft\" src=\"http:\/\/eins-zwei-drei.es\/wp-content\/uploads\/2022\/09\/Unbenannt-300x300.png\" alt=\"Raquel\" width=\"185\" height=\"185\" srcset=\"https:\/\/eins-zwei-drei.es\/wp-content\/uploads\/2022\/09\/Unbenannt-300x300.png 300w, https:\/\/eins-zwei-drei.es\/wp-content\/uploads\/2022\/09\/Unbenannt-150x150.png 150w, https:\/\/eins-zwei-drei.es\/wp-content\/uploads\/2022\/09\/Unbenannt.png 533w\" sizes=\"auto, (max-width: 185px) 100vw, 185px\" \/><\/a><strong>Raquel Royo Barba, Erzieherin<\/strong><\/p>\n<p>Schon als ich klein war, wusste ich, dass ich im sozialen Bereich arbeiten wollte, um die Kinder w\u00e4hrend ihrer ersten Lebensjahre zu unterst\u00fctzen. Deshalb habe ich 2013 mein Studium als Erzieherin abgeschlossen. Damals wollte ich neue Herausforderungen \u00fcbernehmen und neue Erfahrungen erleben und bin im September 2014 nach M\u00fcnchen gezogen. Dort habe ich acht Jahre lang in zwei Krippen mit Kindern im Alter zwischen sechs Monaten und drei Jahren viele Erfahrungen gesammelt und die deutsche Sprache gelernt. Im Mai 2022 habe ich das C2 Zertifikat (gro\u00dfes Deutsches Sprachdiplom) am Goethe Institut erfolgreich abgeschlossen.<br \/>\nDie Arbeit mit Kindern erf\u00fcllt mich sehr. Es bereitet mir gro\u00dfe Freude, die Kinder auf ihrem Lebensweg zu begleiten und ihre Entwicklungsprozesse zu unterst\u00fctzen. Besonders wichtig ist es mir, die Selbstst\u00e4ndigkeit der Kinder zu f\u00f6rdern und auf ihre soziale, emotionale und sprachliche Entwicklung zu achten.<br \/>\nSeit August 2022 lebe ich wieder in Barcelona und ich freue mich sehr, seit November 2022 Teil des Teams von Eins Zwei Drei zu sein.<\/p>\n<p>&nbsp;<\/p>\n<p style=\"font-weight: 400; text-align: left;\"><strong><img loading=\"lazy\" decoding=\"async\" class=\"wp-image-1523 alignleft\" src=\"http:\/\/eins-zwei-drei.es\/wp-content\/uploads\/2024\/04\/celina-2-300x281.png\" alt=\"celina\" width=\"190\" height=\"178\" srcset=\"https:\/\/eins-zwei-drei.es\/wp-content\/uploads\/2024\/04\/celina-2-300x281.png 300w, https:\/\/eins-zwei-drei.es\/wp-content\/uploads\/2024\/04\/celina-2.png 585w\" sizes=\"auto, (max-width: 190px) 100vw, 190px\" \/>Celina Mayr, Tanzp\u00e4dagogin<\/strong><\/p>\n<p style=\"font-weight: 400; text-align: left;\">Arbeiten in einem sozialen Umfeld und das Einbringen von Kreativit\u00e4t sind f\u00fcr mich immer schon zwei gro\u00dfe Herzensangelegenheiten gewesen. In jungem Alter bereits konnte ich dem Wunsch, Kinder in ihrer individuellen Entwicklung zu begleiten, nachgehen. In meiner Zeit in der Montessori Krabbelgruppe, in der ich \u00fcber 2 Jahre bis ins Jahr 2019 Teil des Teams sein durfte, bat sich mir jeden Tag die M\u00f6glichkeit, kreative L\u00f6sungen zu finden. In den vier Jahren meines Studiums zum zeitgen\u00f6ssischem Tanz, das ich 2023 abgeschlossen habe, arbeitete ich als Tanzlehrerin und Begleiterin mit vielen Kindern in allen Altersgruppen. Die Kombination aus Bewegung, Kreativit\u00e4t und Lernen sprachen mich schon immer besonders an und es ist mir eine gro\u00dfe Freude, dies an Kinder weiterzugeben.\u00a0Als Erzieherin ist es mir besonders wichtig, Kindern Raum f\u00fcr individuelle Entwicklung zu geben, sie in ihren Entscheidungen und Lernprozessen zu unterst\u00fctzen und eine Hand zu reichen, um das Leben mit Neugierde kennen zu Lernen.<\/p>\n<p style=\"font-weight: 400;\">Ich freue mich sehr, seit September 2023 hier in Barcelona leben zu d\u00fcrfen und seit M\u00e4rz 2024 ein Teil von Eins, Zwei, Drei zu sein.<\/p>\n<p><a href=\"http:\/\/eins-zwei-drei.es\/wp-content\/uploads\/2015\/03\/Aline-transparent.png\"><img loading=\"lazy\" decoding=\"async\" class=\"wp-image-1466 alignleft\" src=\"http:\/\/eins-zwei-drei.es\/wp-content\/uploads\/2015\/03\/Aline-transparent-219x300.png\" alt=\"Aline-transparent\" width=\"158\" height=\"216\" srcset=\"https:\/\/eins-zwei-drei.es\/wp-content\/uploads\/2015\/03\/Aline-transparent-219x300.png 219w, https:\/\/eins-zwei-drei.es\/wp-content\/uploads\/2015\/03\/Aline-transparent.png 502w\" sizes=\"auto, (max-width: 158px) 100vw, 158px\" \/><\/a><\/p>\n<p><strong>Aline Rudolf, MA &#8222;Inklusive P\u00e4dagog<\/strong><strong>ik und Elementarbildung&#8220;,\u00a0Leitung\/Gesch\u00e4ftsf\u00fchrerin<\/strong><\/p>\n<p>Als P\u00e4dagogin mit dem Abschluss des Masterstudiengangs \u201eInklusive Pa\u0308dagogik und Elementarbildung\u201c geho\u0308rt es zu meinem professionellen Selbstversta\u0308ndnis, dass jedes Kind geho\u0308rt und verstanden wird. Durch Kommunikation auf verschiedenen Ebenen, wie beispielsweise durch Musik und Tanz mo\u0308chte ich Kinder sprachlich fo\u0308rdern und sie in ihrer Entwicklung unterstu\u0308tzen.<br \/>\nDie Arbeit bei Eins Zwei Drei macht mir genau aus diesem Grund viel Freunde, denn sie gibt mir die Mo\u0308glichkeit, multilingual aufwachsende Kinder sprachlich zu fo\u0308rdern und mit ihnen in einen echten Dialog zu treten.<br \/>\nSeit 10 Jahren arbeite ich mit Kindern und Jugendlichen verschiedenen Alters und habe nun das Glu\u0308ck Eins Zwei Drei leiten zu du\u0308rfen, gleichzeitig aber auch als Erzieherin im pa\u0308dagogischen Alltag mit den Kindern arbeiten zu ko\u0308nnen.<\/p>\n<p>&nbsp;<\/p>\n<p>&nbsp;<\/p>\n<p><strong>Ihr wollt unser Team pers\u00f6nlich kennenlernen? Gebt uns unter info@eins-zwei-drei.es oder Tel. 619 588 187\u00a0Bescheid und kommt vorbei.<\/strong><\/p>\n<p>&nbsp;<\/p>\n<p><a href=\"http:\/\/eins-zwei-drei.es\/die-idee-hinter-eins-zwei-drei\">hier mehr zu unserer Idee hinter Eins Zwei Drei<\/a><\/p>","protected":false},"excerpt":{"rendered":"<p>&#8222;Wer betreut denn dann meinen Nachwuchs?&#8220; &#8211; diese Frage stellt ihr euch als Eltern bei der Kita-Auswahl nat\u00fcrlich. Wir wollen uns vorstellen und freuen uns darauf, euer Kind und euch pers\u00f6nlich kennenzulernen. &nbsp; Carolin &#8222;Caro&#8220; Zeller, staatlich anerkannte Erzieherin Seit ich im Sommer 2015 meine Ausbildung zur staatlich anerkannten Erzieherin erfolgreich abgeschlossen habe, konnte ich [&hellip;]<\/p>\n","protected":false},"author":1,"featured_media":321,"parent":0,"menu_order":0,"comment_status":"open","ping_status":"open","template":"","meta":{"footnotes":""},"class_list":["post-13","page","type-page","status-publish","has-post-thumbnail"],"_links":{"self":[{"href":"https:\/\/eins-zwei-drei.es\/de\/wp-json\/wp\/v2\/pages\/13","targetHints":{"allow":["GET"]}}],"collection":[{"href":"https:\/\/eins-zwei-drei.es\/de\/wp-json\/wp\/v2\/pages"}],"about":[{"href":"https:\/\/eins-zwei-drei.es\/de\/wp-json\/wp\/v2\/types\/page"}],"author":[{"embeddable":true,"href":"https:\/\/eins-zwei-drei.es\/de\/wp-json\/wp\/v2\/users\/1"}],"replies":[{"embeddable":true,"href":"https:\/\/eins-zwei-drei.es\/de\/wp-json\/wp\/v2\/comments?post=13"}],"version-history":[{"count":177,"href":"https:\/\/eins-zwei-drei.es\/de\/wp-json\/wp\/v2\/pages\/13\/revisions"}],"predecessor-version":[{"id":1574,"href":"https:\/\/eins-zwei-drei.es\/de\/wp-json\/wp\/v2\/pages\/13\/revisions\/1574"}],"wp:featuredmedia":[{"embeddable":true,"href":"https:\/\/eins-zwei-drei.es\/de\/wp-json\/wp\/v2\/media\/321"}],"wp:attachment":[{"href":"https:\/\/eins-zwei-drei.es\/de\/wp-json\/wp\/v2\/media?parent=13"}],"curies":[{"name":"wp","href":"https:\/\/api.w.org\/{rel}","templated":true}]}}