{"id":1082,"date":"2017-03-31T09:44:01","date_gmt":"2017-03-31T09:44:01","guid":{"rendered":"http:\/\/eins-zwei-drei.es\/?page_id=1082"},"modified":"2025-01-13T16:50:08","modified_gmt":"2025-01-13T16:50:08","slug":"extraescolares-en-aleman-para-ninos-de-3-a-6-anos","status":"publish","type":"page","link":"https:\/\/eins-zwei-drei.es\/de\/extraescolares-en-aleman-para-ninos-de-3-a-6-anos","title":{"rendered":"Kinderstunde &#8211; Workshops auf Deutsch f\u00fcr Kinder von 3 bis 10 Jahren"},"content":{"rendered":"<p><img loading=\"lazy\" decoding=\"async\" class=\"wp-image-1088 alignright\" src=\"http:\/\/eins-zwei-drei.es\/wp-content\/uploads\/2017\/03\/extrescolares_page.png\" alt=\"\" width=\"178\" height=\"178\" srcset=\"https:\/\/eins-zwei-drei.es\/wp-content\/uploads\/2017\/03\/extrescolares_page.png 262w, https:\/\/eins-zwei-drei.es\/wp-content\/uploads\/2017\/03\/extrescolares_page-150x150.png 150w\" sizes=\"auto, (max-width: 178px) 100vw, 178px\" \/><strong>Kinderstunde &#8211; Lernspielgruppe f\u00fcr Kinder zwischen 3-6 Jahren:<br \/>\n<\/strong><strong>Ab 13. September 2024, montags von 18:15 bis 19:00 Uhr<\/strong><\/p>\n<p><strong>Kinderstunde 2 &#8211; Lernspielgruppe f\u00fcr Kinder zwischen 7-10 Jahren:<br \/>\n<\/strong><strong>Ab 19. September 2024, donnerstags von 18:15 Uhr bis 19:00 Uhr<\/strong><\/p>\n<p>In unseren Kinderstunden wollen wir gemeinsam und spielerisch Themen aus dem Lebensumfeld der Kinder aufgreifen, Freundschaften pflegen und neue kn\u00fcpfen und deutsche Sprachkenntnisse durch Aktivit\u00e4ten wie Singen, Tanzen, Basteln, Erz\u00e4hlen und Lesen f\u00f6rdern und vertiefen.<\/p>\n<p>Dabei orientieren wir uns am Interesse der Kinder. Und das alles, mit Spa\u00df, Freude, und auf Deutsch.<\/p>\n<p>Die Kinderstunde wird geleitet von Nuria Luterbacher.<\/p>\n<p>Kurspreise:<br \/>\n<strong>180 Euro pro Trimester<\/strong><br \/>\nMax. 8 Kinder<\/p>\n<p><em>Anmeldung und mehr Information unter info@eins-zwei-drei.es <\/em><\/p>","protected":false},"excerpt":{"rendered":"<p>Kinderstunde &#8211; Lernspielgruppe f\u00fcr Kinder zwischen 3-6 Jahren: Ab 13. September 2024, montags von 18:15 bis 19:00 Uhr Kinderstunde 2 &#8211; Lernspielgruppe f\u00fcr Kinder zwischen 7-10 Jahren: Ab 19. September 2024, donnerstags von 18:15 Uhr bis 19:00 Uhr In unseren Kinderstunden wollen wir gemeinsam und spielerisch Themen aus dem Lebensumfeld der Kinder aufgreifen, Freundschaften pflegen [&hellip;]<\/p>\n","protected":false},"author":1,"featured_media":0,"parent":0,"menu_order":0,"comment_status":"closed","ping_status":"closed","template":"","meta":{"footnotes":""},"class_list":["post-1082","page","type-page","status-publish"],"_links":{"self":[{"href":"https:\/\/eins-zwei-drei.es\/de\/wp-json\/wp\/v2\/pages\/1082","targetHints":{"allow":["GET"]}}],"collection":[{"href":"https:\/\/eins-zwei-drei.es\/de\/wp-json\/wp\/v2\/pages"}],"about":[{"href":"https:\/\/eins-zwei-drei.es\/de\/wp-json\/wp\/v2\/types\/page"}],"author":[{"embeddable":true,"href":"https:\/\/eins-zwei-drei.es\/de\/wp-json\/wp\/v2\/users\/1"}],"replies":[{"embeddable":true,"href":"https:\/\/eins-zwei-drei.es\/de\/wp-json\/wp\/v2\/comments?post=1082"}],"version-history":[{"count":94,"href":"https:\/\/eins-zwei-drei.es\/de\/wp-json\/wp\/v2\/pages\/1082\/revisions"}],"predecessor-version":[{"id":1569,"href":"https:\/\/eins-zwei-drei.es\/de\/wp-json\/wp\/v2\/pages\/1082\/revisions\/1569"}],"wp:attachment":[{"href":"https:\/\/eins-zwei-drei.es\/de\/wp-json\/wp\/v2\/media?parent=1082"}],"curies":[{"name":"wp","href":"https:\/\/api.w.org\/{rel}","templated":true}]}}