{"id":1017,"date":"2016-10-02T14:32:39","date_gmt":"2016-10-02T14:32:39","guid":{"rendered":"http:\/\/eins-zwei-drei.es\/?page_id=1017"},"modified":"2017-02-27T11:30:50","modified_gmt":"2017-02-27T11:30:50","slug":"erzahlstunde","status":"publish","type":"page","link":"https:\/\/eins-zwei-drei.es\/de\/erzahlstunde","title":{"rendered":"Erz\u00e4hlstunde"},"content":{"rendered":"<p><span style=\"text-decoration: underline;\"><strong>Erz\u00e4hlstunde &#8211; Geschichten auf Deutsch f\u00fcr Kinder ab 3 Jahren<\/strong><\/span><img loading=\"lazy\" decoding=\"async\" class=\" wp-image-1019 alignright\" src=\"http:\/\/eins-zwei-drei.es\/wp-content\/uploads\/2016\/10\/e3.png\" alt=\"e3\" width=\"194\" height=\"200\" \/><br \/>\n<strong>Einmal im Monat, jeweils mittwochs, von 17:45 bis 18:45<\/strong><br \/>\nF\u00fcr Kinder von 3 bis 6 Jahren, die Deutsch als erste oder weitere Sprache sprechen<br \/>\n<em>Termine 2016\/2017:\u00a0\u00a0 1. M\u00e4rz, 29. M\u00e4rz, 26. April<br \/>\n<\/em><\/p>\n<p>Kinder im Vorschulalter k\u00f6nnen sich eigentlich fast immer f\u00fcr Geschichten begeistern, wenn sie nur spannend erz\u00e4hlt werden und nat\u00fcrlich die Story stimmt. Das gilt f\u00fcr das gemeinsame Bilderbuchanschauen und das freie Erz\u00e4hlen von Geschichten, genau wie f\u00fcr das Vorlesen, das H\u00f6rspiel oder den Film im Kinderkanal. Das Besondere aber am lebendigen, m\u00fcndlichen Erz\u00e4hlen ist, dass die Geschichte im direkten Kontakt zwischen Erz\u00e4hler und Zuh\u00f6rern \u201cr\u00fcberkommt\u201d.<\/p>\n<p>Deshalb eignet sich das pers\u00f6nliche Erz\u00e4hlen auch so gut zur F\u00f6rderung der Sprache. Da ist auf der einen Seite die Spannung und der unmittelbare Wunsch zu verstehen, wie es weiter- und ausgeht. Auf der anderen Seite helfen Gestik, Mimik und spielerische Elemente, der Erz\u00e4hler passt seine Sprache dem Publikum an und die Kinder k\u00f6nnen nachfragen. Dabei gibt es reichlich sprachliche Anregungen \u2013 von Sprachmelodie und Aussprache \u00fcber Wortschatz bis hin zum Wissen, wie man eigentlich eine Geschichte erz\u00e4hlt.<\/p>\n<p>In unserer \u201eErz\u00e4hlstunde\u201d wird es viele Geschichten geben, lange und kurze, bekannte und neue, gereimte und gesungene, welche mit Bildern, welche mit Ger\u00e4uschen, zum Zuh\u00f6ren, zum Mitmachen und zum Weitererz\u00e4hlen.<\/p>\n<p>Unsere \u201eErz\u00e4hlstunde\u201d wird geleitet von Anna Hila, Sprachwissenschaftlerin, Lehrerin f\u00fcr Deutsch als Fremdsprache und Redakteurin f\u00fcr Sprachlehrb\u00fccher.<\/p>\n<p>Preis f\u00fcr den Kurs von Januar 2016 bis M\u00e4rz 2017 (3 Mal):<strong> 22 \u20ac.<\/strong><br \/>\nDie Teilnehmerzahl ist auf 8 Kinder begrenzt.<br \/>\n<em><br \/>\nAnmeldung unter info@eins-zwei-drei.es oder Tel: 677 388 038.<\/em><\/p>\n<p>&nbsp;<\/p>","protected":false},"excerpt":{"rendered":"<p>Erz\u00e4hlstunde &#8211; Geschichten auf Deutsch f\u00fcr Kinder ab 3 Jahren Einmal im Monat, jeweils mittwochs, von 17:45 bis 18:45 F\u00fcr Kinder von 3 bis 6 Jahren, die Deutsch als erste oder weitere Sprache sprechen Termine 2016\/2017:\u00a0\u00a0 1. M\u00e4rz, 29. M\u00e4rz, 26. April Kinder im Vorschulalter k\u00f6nnen sich eigentlich fast immer f\u00fcr Geschichten begeistern, wenn sie [&hellip;]<\/p>\n","protected":false},"author":1,"featured_media":1019,"parent":0,"menu_order":0,"comment_status":"closed","ping_status":"closed","template":"","meta":{"footnotes":""},"class_list":["post-1017","page","type-page","status-publish","has-post-thumbnail"],"_links":{"self":[{"href":"https:\/\/eins-zwei-drei.es\/de\/wp-json\/wp\/v2\/pages\/1017","targetHints":{"allow":["GET"]}}],"collection":[{"href":"https:\/\/eins-zwei-drei.es\/de\/wp-json\/wp\/v2\/pages"}],"about":[{"href":"https:\/\/eins-zwei-drei.es\/de\/wp-json\/wp\/v2\/types\/page"}],"author":[{"embeddable":true,"href":"https:\/\/eins-zwei-drei.es\/de\/wp-json\/wp\/v2\/users\/1"}],"replies":[{"embeddable":true,"href":"https:\/\/eins-zwei-drei.es\/de\/wp-json\/wp\/v2\/comments?post=1017"}],"version-history":[{"count":13,"href":"https:\/\/eins-zwei-drei.es\/de\/wp-json\/wp\/v2\/pages\/1017\/revisions"}],"predecessor-version":[{"id":1073,"href":"https:\/\/eins-zwei-drei.es\/de\/wp-json\/wp\/v2\/pages\/1017\/revisions\/1073"}],"wp:featuredmedia":[{"embeddable":true,"href":"https:\/\/eins-zwei-drei.es\/de\/wp-json\/wp\/v2\/media\/1019"}],"wp:attachment":[{"href":"https:\/\/eins-zwei-drei.es\/de\/wp-json\/wp\/v2\/media?parent=1017"}],"curies":[{"name":"wp","href":"https:\/\/api.w.org\/{rel}","templated":true}]}}