{"id":10,"date":"2015-03-14T12:00:01","date_gmt":"2015-03-14T12:00:01","guid":{"rendered":"http:\/\/eins-zwei-drei.es\/?page_id=10"},"modified":"2017-02-23T10:07:39","modified_gmt":"2017-02-23T10:07:39","slug":"konzept","status":"publish","type":"page","link":"https:\/\/eins-zwei-drei.es\/de\/konzept","title":{"rendered":"P\u00e4dagogisches Konzept"},"content":{"rendered":"<p><img loading=\"lazy\" decoding=\"async\" class=\"alignright size-full wp-image-375\" src=\"http:\/\/eins-zwei-drei.es\/wp-content\/uploads\/2015\/03\/konzept.png\" alt=\"konzept\" width=\"166\" height=\"166\" srcset=\"https:\/\/eins-zwei-drei.es\/wp-content\/uploads\/2015\/03\/konzept.png 241w, https:\/\/eins-zwei-drei.es\/wp-content\/uploads\/2015\/03\/konzept-150x150.png 150w\" sizes=\"auto, (max-width: 166px) 100vw, 166px\" \/><\/p>\n<p><strong>Eins Zwei Drei &#8211; Kinder in Gracia&#8230;<\/strong><\/p>\n<p>ist eine deutschsprachige Kita in Barcelona. Unsere ErzieherInnen sprechen im gesamten Kindergartenalltag mit den Kindern auf Deutsch und begleiten den Nachwuchs p\u00e4dagogisch. Wir betreuen Kinder im Alter ab 8 Monaten bis 3 Jahren. Unsere Gruppe besteht aus maximal 15 Kindern, die von unseren 3 Erziehrinnen betreut werden.<\/p>\n<p>In unserem Tagesablauf orientieren wir uns am Konzept der ungarischen Kinder\u00e4rztin <a href=\"http:\/\/www.elternwissen.com\/erziehung-entwicklung\/erziehung-tipps\/art\/tipp\/kleinkindpaedagogik-nach-emmi-pikler.html\" target=\"_blank\">Emmi Pikler<\/a>. In diesem Konzept werden alle Handlungen sprachlich begleitet, so dass das Kind gen\u00fcgend Zeit hat, sich auf kommende Situationen einzustellen und sich mit der Sprache auseinander zu setzen. Der Klang, die Melodie und der Rhythmus lassen die Kinder die Sprache kennen lernen. Man kann sich das wie ein \u201eSprachbad\u201c vorstellen. Die Kinder planschen erst darin, bevor sie richtig schwimmen lernen.<\/p>\n<p><strong>Neben der <a href=\"http:\/\/eins-zwei-drei.es\/sprache\">Sprachvermittlung<\/a> sehen wir es als unsere Aufgabe&#8230;<\/strong><\/p>\n<p>&#8230;Kinder in ihrer Individualit\u00e4t zu sehen und sie dort \u201eabzuholen, wo sie stehen\u201c<br \/>\n&#8230;Selbst\u00e4ndigkeit und Eigenaktivit\u00e4t des Kindes zu f\u00f6rdern<br \/>\n&#8230;Werte wie Mitmenschlichkeit und Freundschaft zu vermitteln<br \/>\n&#8230;Raum und Zeit zu geben f\u00fcr Bewegung und Kreativit\u00e4t<br \/>\n&#8230;die soziale, motorische und gestalterische Entwicklung der Kinder im freien und geleiteten Spiel zu unterst\u00fctzen<br \/>\n&#8230;den Kindern gesunde und bewusste Ern\u00e4hrung n\u00e4herzubringen<br \/>\n&#8230;regelm\u00e4\u00dfige Elterngespr\u00e4che \u00fcber die Entwicklung des Kindes zu f\u00fchren<\/p>\n<p><strong>Eingew\u00f6hnung<\/strong><\/p>\n<p>In der Kita erfolgt die Eingew\u00f6hnung nach dem \u201eBerliner Modell\u201c gemeinsam mit einem Elternteil. Ziel ist es, den Kindern einen sanften \u00dcbergang von der Familienbetreuung in die Fremdbetreuung zu erm\u00f6glichen. Die Dauer der Eingew\u00f6hnung richtet sich nach den Bed\u00fcrfnissen des Kindes.<\/p>\n<p><strong>Mehr zu unserem P\u00e4dagogischen Konzept<\/strong><\/p>\n<p>Die \u201eAchtsame Pflege\u201c steht bei den S\u00e4uglingen im Vordergrund und stellt somit einen wichtigen Bestandteil unserer Arbeit dar.<\/p>\n<p>Dabei ist es uns wichtig, stets mit dem Kind im gegenseitigen Dialog und Kontakt bei der Pflege zu sein, um eine vertrauensvolle Beziehung zu schaffen. P\u00e4dagogik nach Emmi Pikler ist keine Methode sondern eine Einstellung.<\/p>\n<p>In unserem Tagesablauf haben die Kinder gen\u00fcgend M\u00f6glichkeiten ihren Bed\u00fcrfnissen nachzugehen. Unsere ErzieherInnen achten dabei auf einen respektvollen Umgang mit den Kindern und geben ihnen gen\u00fcgend Raum f\u00fcr Bewegung und Kreativit\u00e4t, um sich selbst\u00e4ndig zu entwickeln. Hierbei hat jedes einzelne Kind seine eigene Zeit und seine individuelle Art und Weise, die Dinge f\u00fcr sich zu entdecken.<\/p>\n<p>Durch wiederkehrende Rituale, die fest in unserem <a href=\"http:\/\/eins-zwei-drei.es\/tagesablauf\">Tagesablauf<\/a> verankert sind, bieten wir den Kindern Sicherheit und Geborgenheit. Wir wollen die Neugier und Wissbegierde der Kinder f\u00f6rdern. Im Vordergrund steht bei allem die gegenseitige Achtung und Respekt der Kinder untereinander und die vertrauensvolle Beziehung zu den ErzieherInnen.<\/p>","protected":false},"excerpt":{"rendered":"<p>Eins Zwei Drei &#8211; Kinder in Gracia&#8230; ist eine deutschsprachige Kita in Barcelona. Unsere ErzieherInnen sprechen im gesamten Kindergartenalltag mit den Kindern auf Deutsch und begleiten den Nachwuchs p\u00e4dagogisch. Wir betreuen Kinder im Alter ab 8 Monaten bis 3 Jahren. Unsere Gruppe besteht aus maximal 15 Kindern, die von unseren 3 Erziehrinnen betreut werden. In [&hellip;]<\/p>\n","protected":false},"author":1,"featured_media":318,"parent":0,"menu_order":0,"comment_status":"open","ping_status":"open","template":"","meta":{"footnotes":""},"class_list":["post-10","page","type-page","status-publish","has-post-thumbnail"],"_links":{"self":[{"href":"https:\/\/eins-zwei-drei.es\/de\/wp-json\/wp\/v2\/pages\/10","targetHints":{"allow":["GET"]}}],"collection":[{"href":"https:\/\/eins-zwei-drei.es\/de\/wp-json\/wp\/v2\/pages"}],"about":[{"href":"https:\/\/eins-zwei-drei.es\/de\/wp-json\/wp\/v2\/types\/page"}],"author":[{"embeddable":true,"href":"https:\/\/eins-zwei-drei.es\/de\/wp-json\/wp\/v2\/users\/1"}],"replies":[{"embeddable":true,"href":"https:\/\/eins-zwei-drei.es\/de\/wp-json\/wp\/v2\/comments?post=10"}],"version-history":[{"count":61,"href":"https:\/\/eins-zwei-drei.es\/de\/wp-json\/wp\/v2\/pages\/10\/revisions"}],"predecessor-version":[{"id":1072,"href":"https:\/\/eins-zwei-drei.es\/de\/wp-json\/wp\/v2\/pages\/10\/revisions\/1072"}],"wp:featuredmedia":[{"embeddable":true,"href":"https:\/\/eins-zwei-drei.es\/de\/wp-json\/wp\/v2\/media\/318"}],"wp:attachment":[{"href":"https:\/\/eins-zwei-drei.es\/de\/wp-json\/wp\/v2\/media?parent=10"}],"curies":[{"name":"wp","href":"https:\/\/api.w.org\/{rel}","templated":true}]}}