{"id":992,"date":"2016-07-20T08:57:02","date_gmt":"2016-07-20T08:57:02","guid":{"rendered":"http:\/\/eins-zwei-drei.es\/?page_id=992"},"modified":"2017-02-21T10:45:15","modified_gmt":"2017-02-21T10:45:15","slug":"visitas-en-el-jardin-del-silencio","status":"publish","type":"page","link":"https:\/\/eins-zwei-drei.es\/ca\/visitas-en-el-jardin-del-silencio","title":{"rendered":"Jard\u00ed del Silenci"},"content":{"rendered":"<p>Dos veces a la semana visitamos el <a href=\"http:\/\/www.bcnsostenible.cat\/es\/web\/punt\/el-jardi-del-silenci\">Jard\u00edn del Silencio<\/a> en el barrio de Gracia. Somos socios de la asociaci\u00f3n de Jard\u00edn y Eins Zwei Drei ayuda cuidar el espacio y mejorar la zona para los ni\u00f1os.<\/p>\n<p>Es un lugar \u00fanico donde los ni\u00f1os pueden disfrutar un poco de naturaleza con arboles, c\u00e9sped, plantas, tierra, p\u00e1jaros, agua&#8230;<\/p>\n<p>\r\n\t\t<style type='text\/css'>\r\n\t\t\t#gallery-3 {\r\n\t\t\t\tmargin: auto;\r\n\t\t\t}\r\n\t\t\t#gallery-3 .gallery-item {\r\n\t\t\t\tfloat: left;\r\n\t\t\t\tmargin-top: 10px;\r\n\t\t\t\ttext-align: center;\r\n\t\t\t\twidth: 33%;\r\n\t\t\t}\r\n\t\t\t#gallery-3 img {\r\n\t\t\t\tborder: 2px solid #cfcfcf;\r\n\t\t\t}\r\n\t\t\t#gallery-3 .gallery-caption {\r\n\t\t\t\tmargin-left: 0;\r\n\t\t\t}\r\n\t\t<\/style>\r\n\t\t<!-- see gallery_shortcode() in wp-includes\/media.php -->\n\t\t<div id='gallery-3' class='gallery galleryid-992 gallery-columns-3 gallery-size-thumbnail gallery1'><script type=\"text\/javascript\">\r\n\/\/ <![CDATA[\r\n\tjQuery(document).ready(function () {\r\n\t\tjQuery(\".gallery1 a\").attr(\"rel\",\"gallery1\");\t\r\n\t\tjQuery('a[rel=\"gallery1\"]').colorbox({maxWidth:\"95%\", maxHeight:\"95%\",title: function(){ return jQuery(this).children().attr(\"alt\"); }, });\r\n\t});\r\n\/\/ ]]>\r\n<\/script>\n<dl class=\"gallery-item\">\n<dt class=\"gallery-icon\">\r\n<a href=\"https:\/\/eins-zwei-drei.es\/wp-content\/uploads\/2016\/07\/photo548973842533558202-300x169.jpg\" title=\"\" rel=\"gallery1\"><img loading=\"lazy\" decoding=\"async\" src=\"https:\/\/eins-zwei-drei.es\/wp-content\/uploads\/2016\/07\/photo548973842533558202-150x150.jpg\" width=\"150\" height=\"150\" alt=\"\" \/><\/a>\r\n<\/dt><\/dl><dl class=\"gallery-item\">\n<dt class=\"gallery-icon\">\r\n<a href=\"https:\/\/eins-zwei-drei.es\/wp-content\/uploads\/2016\/07\/photo548973842533558203-300x169.jpg\" title=\"\" rel=\"gallery1\"><img loading=\"lazy\" decoding=\"async\" src=\"https:\/\/eins-zwei-drei.es\/wp-content\/uploads\/2016\/07\/photo548973842533558203-150x150.jpg\" width=\"150\" height=\"150\" alt=\"\" \/><\/a>\r\n<\/dt><\/dl><dl class=\"gallery-item\">\n<dt class=\"gallery-icon\">\r\n<a href=\"https:\/\/eins-zwei-drei.es\/wp-content\/uploads\/2016\/07\/photo548973842533558205-169x300.jpg\" title=\"\" rel=\"gallery1\"><img loading=\"lazy\" decoding=\"async\" src=\"https:\/\/eins-zwei-drei.es\/wp-content\/uploads\/2016\/07\/photo548973842533558205-150x150.jpg\" width=\"150\" height=\"150\" alt=\"\" \/><\/a>\r\n<\/dt><\/dl><br style=\"clear: both\" \/><dl class=\"gallery-item\">\n<dt class=\"gallery-icon\">\r\n<a href=\"https:\/\/eins-zwei-drei.es\/wp-content\/uploads\/2016\/07\/photo548973842533558206-300x169.jpg\" title=\"\" rel=\"gallery1\"><img loading=\"lazy\" decoding=\"async\" src=\"https:\/\/eins-zwei-drei.es\/wp-content\/uploads\/2016\/07\/photo548973842533558206-150x150.jpg\" width=\"150\" height=\"150\" alt=\"\" \/><\/a>\r\n<\/dt><\/dl><dl class=\"gallery-item\">\n<dt class=\"gallery-icon\">\r\n<a href=\"https:\/\/eins-zwei-drei.es\/wp-content\/uploads\/2016\/07\/photo548973842533558207-300x169.jpg\" title=\"\" rel=\"gallery1\"><img loading=\"lazy\" decoding=\"async\" src=\"https:\/\/eins-zwei-drei.es\/wp-content\/uploads\/2016\/07\/photo548973842533558207-150x150.jpg\" width=\"150\" height=\"150\" alt=\"\" \/><\/a>\r\n<\/dt><\/dl><dl class=\"gallery-item\">\n<dt class=\"gallery-icon\">\r\n<a href=\"https:\/\/eins-zwei-drei.es\/wp-content\/uploads\/2016\/07\/photo548973842533558208-169x300.jpg\" title=\"\" rel=\"gallery1\"><img loading=\"lazy\" decoding=\"async\" src=\"https:\/\/eins-zwei-drei.es\/wp-content\/uploads\/2016\/07\/photo548973842533558208-150x150.jpg\" width=\"150\" height=\"150\" alt=\"\" \/><\/a>\r\n<\/dt><\/dl><br style=\"clear: both\" \/><dl class=\"gallery-item\">\n<dt class=\"gallery-icon\">\r\n<a href=\"https:\/\/eins-zwei-drei.es\/wp-content\/uploads\/2016\/07\/20160317_103115-e1469004750473-225x300.jpg\" title=\"\" rel=\"gallery1\"><img loading=\"lazy\" decoding=\"async\" src=\"https:\/\/eins-zwei-drei.es\/wp-content\/uploads\/2016\/07\/20160317_103115-e1469004750473-150x150.jpg\" width=\"150\" height=\"150\" alt=\"\" \/><\/a>\r\n<\/dt><\/dl><dl class=\"gallery-item\">\n<dt class=\"gallery-icon\">\r\n<a href=\"https:\/\/eins-zwei-drei.es\/wp-content\/uploads\/2016\/07\/20160317_103323-e1469017086608-225x300.jpg\" title=\"\" rel=\"gallery1\"><img loading=\"lazy\" decoding=\"async\" src=\"https:\/\/eins-zwei-drei.es\/wp-content\/uploads\/2016\/07\/20160317_103323-e1469017086608-150x150.jpg\" width=\"150\" height=\"150\" alt=\"\" \/><\/a>\r\n<\/dt><\/dl><dl class=\"gallery-item\">\n<dt class=\"gallery-icon\">\r\n<a href=\"https:\/\/eins-zwei-drei.es\/wp-content\/uploads\/2016\/07\/20160422_104000-e1469001360980-225x300.jpg\" title=\"\" rel=\"gallery1\"><img loading=\"lazy\" decoding=\"async\" src=\"https:\/\/eins-zwei-drei.es\/wp-content\/uploads\/2016\/07\/20160422_104000-e1469001360980-150x150.jpg\" width=\"150\" height=\"150\" alt=\"\" \/><\/a>\r\n<\/dt><\/dl><br style=\"clear: both\" \/><dl class=\"gallery-item\">\n<dt class=\"gallery-icon\">\r\n<a href=\"https:\/\/eins-zwei-drei.es\/wp-content\/uploads\/2016\/07\/20160607_111148-300x225.jpg\" title=\"\" rel=\"gallery1\"><img loading=\"lazy\" decoding=\"async\" src=\"https:\/\/eins-zwei-drei.es\/wp-content\/uploads\/2016\/07\/20160607_111148-150x150.jpg\" width=\"150\" height=\"150\" alt=\"\" \/><\/a>\r\n<\/dt><\/dl><dl class=\"gallery-item\">\n<dt class=\"gallery-icon\">\r\n<a href=\"https:\/\/eins-zwei-drei.es\/wp-content\/uploads\/2016\/07\/20160607_111353-300x225.jpg\" title=\"\" rel=\"gallery1\"><img loading=\"lazy\" decoding=\"async\" src=\"https:\/\/eins-zwei-drei.es\/wp-content\/uploads\/2016\/07\/20160607_111353-150x150.jpg\" width=\"150\" height=\"150\" alt=\"\" \/><\/a>\r\n<\/dt><\/dl><dl class=\"gallery-item\">\n<dt class=\"gallery-icon\">\r\n<a href=\"https:\/\/eins-zwei-drei.es\/wp-content\/uploads\/2016\/07\/20160607_112021-300x225.jpg\" title=\"\" rel=\"gallery1\"><img loading=\"lazy\" decoding=\"async\" src=\"https:\/\/eins-zwei-drei.es\/wp-content\/uploads\/2016\/07\/20160607_112021-150x150.jpg\" width=\"150\" height=\"150\" alt=\"\" \/><\/a>\r\n<\/dt><\/dl><br style=\"clear: both\" \/><dl class=\"gallery-item\">\n<dt class=\"gallery-icon\">\r\n<a href=\"https:\/\/eins-zwei-drei.es\/wp-content\/uploads\/2016\/07\/20160621_111159-e1469003599178-225x300.jpg\" title=\"\" rel=\"gallery1\"><img loading=\"lazy\" decoding=\"async\" src=\"https:\/\/eins-zwei-drei.es\/wp-content\/uploads\/2016\/07\/20160621_111159-e1469003599178-150x150.jpg\" width=\"150\" height=\"150\" alt=\"\" \/><\/a>\r\n<\/dt><\/dl>\r\n\t\t\t<br style='clear: both' \/>\r\n\t\t<\/div>\n<\/p>","protected":false},"excerpt":{"rendered":"<p>Dos veces a la semana visitamos el Jard\u00edn del Silencio en el barrio de Gracia. Somos socios de la asociaci\u00f3n de Jard\u00edn y Eins Zwei Drei ayuda cuidar el espacio y mejorar la zona para los ni\u00f1os. Es un lugar \u00fanico donde los ni\u00f1os pueden disfrutar un poco de naturaleza con arboles, c\u00e9sped, plantas, tierra, [&hellip;]<\/p>\n","protected":false},"author":1,"featured_media":0,"parent":0,"menu_order":0,"comment_status":"closed","ping_status":"closed","template":"","meta":{"footnotes":""},"class_list":["post-992","page","type-page","status-publish"],"_links":{"self":[{"href":"https:\/\/eins-zwei-drei.es\/ca\/wp-json\/wp\/v2\/pages\/992","targetHints":{"allow":["GET"]}}],"collection":[{"href":"https:\/\/eins-zwei-drei.es\/ca\/wp-json\/wp\/v2\/pages"}],"about":[{"href":"https:\/\/eins-zwei-drei.es\/ca\/wp-json\/wp\/v2\/types\/page"}],"author":[{"embeddable":true,"href":"https:\/\/eins-zwei-drei.es\/ca\/wp-json\/wp\/v2\/users\/1"}],"replies":[{"embeddable":true,"href":"https:\/\/eins-zwei-drei.es\/ca\/wp-json\/wp\/v2\/comments?post=992"}],"version-history":[{"count":8,"href":"https:\/\/eins-zwei-drei.es\/ca\/wp-json\/wp\/v2\/pages\/992\/revisions"}],"predecessor-version":[{"id":1068,"href":"https:\/\/eins-zwei-drei.es\/ca\/wp-json\/wp\/v2\/pages\/992\/revisions\/1068"}],"wp:attachment":[{"href":"https:\/\/eins-zwei-drei.es\/ca\/wp-json\/wp\/v2\/media?parent=992"}],"curies":[{"name":"wp","href":"https:\/\/api.w.org\/{rel}","templated":true}]}}