{"id":903,"date":"2015-10-19T08:24:08","date_gmt":"2015-10-19T08:24:08","guid":{"rendered":"http:\/\/eins-zwei-drei.es\/?page_id=903"},"modified":"2026-01-19T10:57:39","modified_gmt":"2026-01-19T10:57:39","slug":"kreativnachmittag","status":"publish","type":"page","link":"https:\/\/eins-zwei-drei.es\/ca\/kreativnachmittag","title":{"rendered":"Kreativer Kindertanz &#8211; Extraescolar per a nens de 3 a 5 anys"},"content":{"rendered":"<p><span style=\"text-decoration: underline;\"><strong>Kreativer Kindertanz &#8211; Ball i moviment<\/strong><\/span><\/p>\n<p><strong>Els dimecres, de 17:15h a 18:00h (inici el 18 setembre de 2024)<\/strong><br \/>\nObert a tots els nens de 3 a 5 anys<br \/>\n<img loading=\"lazy\" decoding=\"async\" class=\"alignnone size-medium wp-image-1518 alignright\" src=\"http:\/\/eins-zwei-drei.es\/wp-content\/uploads\/2015\/10\/Historia-de-Instagram-taller-de-danza-divertido-morado-250x300.png\" alt=\"Historia de Instagram taller de danza divertido morado\" width=\"250\" height=\"300\" srcset=\"https:\/\/eins-zwei-drei.es\/wp-content\/uploads\/2015\/10\/Historia-de-Instagram-taller-de-danza-divertido-morado-250x300.png 250w, https:\/\/eins-zwei-drei.es\/wp-content\/uploads\/2015\/10\/Historia-de-Instagram-taller-de-danza-divertido-morado-768x922.png 768w, https:\/\/eins-zwei-drei.es\/wp-content\/uploads\/2015\/10\/Historia-de-Instagram-taller-de-danza-divertido-morado-853x1024.png 853w, https:\/\/eins-zwei-drei.es\/wp-content\/uploads\/2015\/10\/Historia-de-Instagram-taller-de-danza-divertido-morado.png 1078w\" sizes=\"auto, (max-width: 250px) 100vw, 250px\" \/><\/p>\n<p><span style=\"font-family: Verdana, Geneva, sans-serif;\">En aquest curs, els nens es familiaritzen amb el moviment i el ritme del seu propi cos de manera l\u00fadica i creativa. A trav\u00e9s d&#8217;un curs de lli\u00e7ons variats, aprenem sobre m\u00fasica i dansa, creem mons de fantasia i trobem diferents maneres d&#8217;expressar-nos. Ballant junts podem aprendre qu\u00e8 significa ser part d&#8217;un grup al costat del treball individual amb cada nen i nena.<br \/>\nA m\u00e9s, podem ampliar el nostre vocabulari alemany d&#8217;una forma \u00fanica.<\/span><\/p>\n<p>Preu del curs: <strong>180 euros<\/strong> per trimestre<\/p>\n<p>&nbsp;<\/p>\n<p>Grand\u00e0ria del grup: m\u00e0x. 6 nens<\/p>\n<p>Inscripci\u00f3 a info@eins-zwei-drei.es o per tel\u00e8fon: 619588187<\/p>","protected":false},"excerpt":{"rendered":"<p>Kreativer Kindertanz &#8211; Ball i moviment Els dimecres, de 17:15h a 18:00h (inici el 18 setembre de 2024) Obert a tots els nens de 3 a 5 anys En aquest curs, els nens es familiaritzen amb el moviment i el ritme del seu propi cos de manera l\u00fadica i creativa. A trav\u00e9s d&#8217;un curs de [&hellip;]<\/p>\n","protected":false},"author":1,"featured_media":905,"parent":0,"menu_order":0,"comment_status":"closed","ping_status":"closed","template":"","meta":{"footnotes":""},"class_list":["post-903","page","type-page","status-publish","has-post-thumbnail"],"_links":{"self":[{"href":"https:\/\/eins-zwei-drei.es\/ca\/wp-json\/wp\/v2\/pages\/903","targetHints":{"allow":["GET"]}}],"collection":[{"href":"https:\/\/eins-zwei-drei.es\/ca\/wp-json\/wp\/v2\/pages"}],"about":[{"href":"https:\/\/eins-zwei-drei.es\/ca\/wp-json\/wp\/v2\/types\/page"}],"author":[{"embeddable":true,"href":"https:\/\/eins-zwei-drei.es\/ca\/wp-json\/wp\/v2\/users\/1"}],"replies":[{"embeddable":true,"href":"https:\/\/eins-zwei-drei.es\/ca\/wp-json\/wp\/v2\/comments?post=903"}],"version-history":[{"count":20,"href":"https:\/\/eins-zwei-drei.es\/ca\/wp-json\/wp\/v2\/pages\/903\/revisions"}],"predecessor-version":[{"id":1575,"href":"https:\/\/eins-zwei-drei.es\/ca\/wp-json\/wp\/v2\/pages\/903\/revisions\/1575"}],"wp:featuredmedia":[{"embeddable":true,"href":"https:\/\/eins-zwei-drei.es\/ca\/wp-json\/wp\/v2\/media\/905"}],"wp:attachment":[{"href":"https:\/\/eins-zwei-drei.es\/ca\/wp-json\/wp\/v2\/media?parent=903"}],"curies":[{"name":"wp","href":"https:\/\/api.w.org\/{rel}","templated":true}]}}