{"id":864,"date":"2015-10-11T14:13:58","date_gmt":"2015-10-11T14:13:58","guid":{"rendered":"http:\/\/eins-zwei-drei.es\/?page_id=864"},"modified":"2024-09-04T12:39:20","modified_gmt":"2024-09-04T12:39:20","slug":"deutsch-familienmusik-eltern-kind-singen","status":"publish","type":"page","link":"https:\/\/eins-zwei-drei.es\/ca\/deutsch-familienmusik-eltern-kind-singen","title":{"rendered":"M\u00fasica en fam\u00edlia"},"content":{"rendered":"<strong><span style=\"text-decoration: underline;\"><a href=\"http:\/\/eins-zwei-drei.es\/wp-content\/uploads\/2015\/10\/eltern-kind-singen.png\"><img loading=\"lazy\" decoding=\"async\" class=\"alignright wp-image-874\" src=\"http:\/\/eins-zwei-drei.es\/wp-content\/uploads\/2015\/10\/eltern-kind-singen.png\" alt=\"eltern-kind-singen\" width=\"198\" height=\"209\" \/><\/a>M\u00fasica en familia\r\n<\/span>\r\n<\/strong>\r\n\r\n<strong>Dilluns y dijous, 17.15 \u2013 18.00 h<\/strong>\r\n<strong>comen\u00e7ament el 16 y 19 de setembre de 2024<\/strong>\r\n\r\n&nbsp;\r\n\r\nObert per a nens de 0 fins a 4 anys i els pares\/acompanyants.\r\n\r\nConeixerem can\u00e7ons infantils i populars que es poden cantar, xiular i ballar al dia a dia amb tota la fam\u00edlia.\r\n\r\nNens i pares poden experimentar junts com la veu i el cos es transformen en un instrument viu mentre fem m\u00fasica. Obrim el cam\u00ed cap al m\u00f3n de les melodies. Un nen desenvolupa en els primers anys la seva forma molt individual de musicalitat. Quan cantem amb els nens, us ajudem en aquest cam\u00ed.\r\n\r\nFer m\u00fasica junts refor\u00e7a les connexions socials. perqu\u00e8 vivenciem un idioma universal: L&#8217;idioma de la m\u00fasica, del ritme i dels textos.\r\n\r\n&#8220;M\u00fasica en fam\u00edlia&#8221; ho duu a terme Nuria Luterbacher, logopeda, terapeuta i cantant cl\u00e0ssica.\r\n\r\nPreu pel trimestre: <strong>180 \u20ac.<\/strong>\r\n\r\nInscripci\u00f3 i m\u00e9s informaci\u00f3 a info@eins-zwei-drei.es\r\n\r\n<strong>\u00a0<\/strong>","protected":false},"excerpt":{"rendered":"<p>M\u00fasica en familia Dilluns y dijous, 17.15 \u2013 18.00 h comen\u00e7ament el 16 y 19 de setembre de 2024 &nbsp; Obert per a nens de 0 fins a 4 anys i els pares\/acompanyants. Coneixerem can\u00e7ons infantils i populars que es poden cantar, xiular i ballar al dia a dia amb tota la fam\u00edlia. Nens i [&hellip;]<\/p>\n","protected":false},"author":1,"featured_media":0,"parent":0,"menu_order":0,"comment_status":"closed","ping_status":"closed","template":"","meta":{"footnotes":""},"class_list":["post-864","page","type-page","status-publish"],"_links":{"self":[{"href":"https:\/\/eins-zwei-drei.es\/ca\/wp-json\/wp\/v2\/pages\/864","targetHints":{"allow":["GET"]}}],"collection":[{"href":"https:\/\/eins-zwei-drei.es\/ca\/wp-json\/wp\/v2\/pages"}],"about":[{"href":"https:\/\/eins-zwei-drei.es\/ca\/wp-json\/wp\/v2\/types\/page"}],"author":[{"embeddable":true,"href":"https:\/\/eins-zwei-drei.es\/ca\/wp-json\/wp\/v2\/users\/1"}],"replies":[{"embeddable":true,"href":"https:\/\/eins-zwei-drei.es\/ca\/wp-json\/wp\/v2\/comments?post=864"}],"version-history":[{"count":65,"href":"https:\/\/eins-zwei-drei.es\/ca\/wp-json\/wp\/v2\/pages\/864\/revisions"}],"predecessor-version":[{"id":1535,"href":"https:\/\/eins-zwei-drei.es\/ca\/wp-json\/wp\/v2\/pages\/864\/revisions\/1535"}],"wp:attachment":[{"href":"https:\/\/eins-zwei-drei.es\/ca\/wp-json\/wp\/v2\/media?parent=864"}],"curies":[{"name":"wp","href":"https:\/\/api.w.org\/{rel}","templated":true}]}}