{"id":717,"date":"2015-08-23T09:09:19","date_gmt":"2015-08-23T09:09:19","guid":{"rendered":"http:\/\/eins-zwei-drei.es\/?page_id=717"},"modified":"2023-12-18T17:07:37","modified_gmt":"2023-12-18T17:07:37","slug":"maltraumnachmittagsangebot","status":"publish","type":"page","link":"https:\/\/eins-zwei-drei.es\/ca\/konzept\/maltraumnachmittagsangebot","title":{"rendered":"(Deutsch) Mal(T)Raum &#8211; Nachmittagsangebot (2-6 Jahre)"},"content":{"rendered":"<p class=\"qtranxs-available-languages-message qtranxs-available-languages-message-ca\">Mensaje no disponible: Ho sentim, aquest contingut nom\u00e9s est\u00e0 disponible en <a href=\"https:\/\/eins-zwei-drei.es\/de\/wp-json\/wp\/v2\/pages\/717\" class=\"qtranxs-available-language-link qtranxs-available-language-link-de\" title=\"Deutsch\">Deutsch<\/a> i <a href=\"https:\/\/eins-zwei-drei.es\/es\/wp-json\/wp\/v2\/pages\/717\" class=\"qtranxs-available-language-link qtranxs-available-language-link-es\" title=\"Espa\u00f1ol\">Espa\u00f1ol<\/a>.<\/p>","protected":false},"excerpt":{"rendered":"<p>Mensaje no disponible: Ho sentim, aquest contingut nom\u00e9s est\u00e0 disponible en Deutsch i Espa\u00f1ol.<\/p>\n","protected":false},"author":1,"featured_media":0,"parent":10,"menu_order":0,"comment_status":"open","ping_status":"closed","template":"","meta":{"footnotes":""},"class_list":["post-717","page","type-page","status-publish"],"_links":{"self":[{"href":"https:\/\/eins-zwei-drei.es\/ca\/wp-json\/wp\/v2\/pages\/717","targetHints":{"allow":["GET"]}}],"collection":[{"href":"https:\/\/eins-zwei-drei.es\/ca\/wp-json\/wp\/v2\/pages"}],"about":[{"href":"https:\/\/eins-zwei-drei.es\/ca\/wp-json\/wp\/v2\/types\/page"}],"author":[{"embeddable":true,"href":"https:\/\/eins-zwei-drei.es\/ca\/wp-json\/wp\/v2\/users\/1"}],"replies":[{"embeddable":true,"href":"https:\/\/eins-zwei-drei.es\/ca\/wp-json\/wp\/v2\/comments?post=717"}],"version-history":[{"count":13,"href":"https:\/\/eins-zwei-drei.es\/ca\/wp-json\/wp\/v2\/pages\/717\/revisions"}],"predecessor-version":[{"id":1504,"href":"https:\/\/eins-zwei-drei.es\/ca\/wp-json\/wp\/v2\/pages\/717\/revisions\/1504"}],"up":[{"embeddable":true,"href":"https:\/\/eins-zwei-drei.es\/ca\/wp-json\/wp\/v2\/pages\/10"}],"wp:attachment":[{"href":"https:\/\/eins-zwei-drei.es\/ca\/wp-json\/wp\/v2\/media?parent=717"}],"curies":[{"name":"wp","href":"https:\/\/api.w.org\/{rel}","templated":true}]}}