{"id":457,"date":"2015-04-19T08:37:01","date_gmt":"2015-04-19T08:37:01","guid":{"rendered":"http:\/\/eins-zwei-drei.es\/?page_id=457"},"modified":"2017-07-21T07:15:13","modified_gmt":"2017-07-21T07:15:13","slug":"sprache","status":"publish","type":"page","link":"https:\/\/eins-zwei-drei.es\/ca\/sprache","title":{"rendered":"L&#8217; idioma"},"content":{"rendered":"<p>No existeix el moment perfecte per aprendre un segon idioma. Els cient\u00edfics estan d&#8217;acord que els nens aprenen nous idiomes m\u00e9s r\u00e0pid que els adults. Per\u00f2 hi ha una condici\u00f3: el nen ha d&#8217;estar en contacte amb l&#8217;idioma de forma regular &#8211; un parell de frases al dia no s\u00f3n suficients.<\/p>\n<p>Aquesta \u00e9s una de les raons per les quals ens enfoquem nom\u00e9s en un idioma i no oferim una educaci\u00f3 biling\u00fce. Els nostres fills creixen a Barcelona en un ambient castell\u00e0 i catal\u00e0, aprenent aquests idiomes en el seu dia a dia amb la fam\u00edlia i els amics. El nostre espai \u00e9s una illa idiom\u00e0tica di\u00e0ria on els nens des de petits es banyen dins l&#8217;idioma alemany durant unes hores.<\/p>\n<p>Els nostres educadors &#8211; tots nadius &#8211; parlen tot el dia amb els nens en alemany. Totes les nostres activitats estan vinculades amb la comunicaci\u00f3 ling\u00fc\u00edstica. Aix\u00ed els petits viuen, exploren i aprenen l&#8217;idioma.<\/p>\n<p>Dins el nostre cercle dels matins tots els nens s&#8217;ajunten, canten, juguen dins el grup i s&#8217;expliquen hist\u00f2ries. Els nostres educadors fomenten les habilitats idiom\u00e0tiques i tenen cura de que cada nen tingui el seu espai per parlar.<\/p>\n<p>Segons el concepte d&#8217;Emmi Pikler, els nostres educadors acompanyen totes les activitats amb els seus comentaris. Idioma i llenguatge corporal juguen un paper molt important durant tot el dia a dia.<\/p>\n<p>M\u00e9s informaci\u00f3 sobre el tema idioma i nens (Castell\u00e0):<\/p>\n<ul>\n<li><a href=\"http:\/\/elpais.com\/elpais\/2015\/12\/02\/ciencia\/1449079176_853337.html\">Los ni\u00f1os que asimilan un idioma nuevo a los tres a\u00f1os procesan de forma m\u00e1s eficiente y competente cada lengua extra que aprenden<\/a><\/li>\n<li><a href=\"http:\/\/www.elmundo.es\/elmundosalud\/2013\/05\/14\/neurociencia\/1368549936.html\" target=\"_blank\">Aprender un segundo idioma antes de hablar<\/a><\/li>\n<li><a href=\"http:\/\/www.bebesymas.com\/desarrollo\/los-bebes-tienen-mas-facilidad-para-aprender-idiomas-que-los-adultos\" target=\"_blank\">Los beb\u00e9s tienen m\u00e1s facilidad para aprender idiomas que los adultos\u200f<\/a><\/li>\n<li><a href=\"http:\/\/blog.calamoycran.com\/2013\/01\/03\/a-que-edad-conviene-empezar-a-aprender-un-idioma\/\" target=\"_blank\">\u00bfA qu\u00e9 edad conviene empezar a aprender un idioma?<\/a><\/li>\n<\/ul>\n<p><\/p>","protected":false},"excerpt":{"rendered":"<p>No existeix el moment perfecte per aprendre un segon idioma. Els cient\u00edfics estan d&#8217;acord que els nens aprenen nous idiomes m\u00e9s r\u00e0pid que els adults. Per\u00f2 hi ha una condici\u00f3: el nen ha d&#8217;estar en contacte amb l&#8217;idioma de forma regular &#8211; un parell de frases al dia no s\u00f3n suficients. Aquesta \u00e9s una de [&hellip;]<\/p>\n","protected":false},"author":1,"featured_media":0,"parent":0,"menu_order":0,"comment_status":"open","ping_status":"open","template":"","meta":{"footnotes":""},"class_list":["post-457","page","type-page","status-publish"],"_links":{"self":[{"href":"https:\/\/eins-zwei-drei.es\/ca\/wp-json\/wp\/v2\/pages\/457","targetHints":{"allow":["GET"]}}],"collection":[{"href":"https:\/\/eins-zwei-drei.es\/ca\/wp-json\/wp\/v2\/pages"}],"about":[{"href":"https:\/\/eins-zwei-drei.es\/ca\/wp-json\/wp\/v2\/types\/page"}],"author":[{"embeddable":true,"href":"https:\/\/eins-zwei-drei.es\/ca\/wp-json\/wp\/v2\/users\/1"}],"replies":[{"embeddable":true,"href":"https:\/\/eins-zwei-drei.es\/ca\/wp-json\/wp\/v2\/comments?post=457"}],"version-history":[{"count":20,"href":"https:\/\/eins-zwei-drei.es\/ca\/wp-json\/wp\/v2\/pages\/457\/revisions"}],"predecessor-version":[{"id":1119,"href":"https:\/\/eins-zwei-drei.es\/ca\/wp-json\/wp\/v2\/pages\/457\/revisions\/1119"}],"wp:attachment":[{"href":"https:\/\/eins-zwei-drei.es\/ca\/wp-json\/wp\/v2\/media?parent=457"}],"curies":[{"name":"wp","href":"https:\/\/api.w.org\/{rel}","templated":true}]}}