{"id":450,"date":"2015-04-18T14:07:32","date_gmt":"2015-04-18T14:07:32","guid":{"rendered":"http:\/\/eins-zwei-drei.es\/?page_id=450"},"modified":"2021-09-10T17:13:00","modified_gmt":"2021-09-10T17:13:00","slug":"tagesablauf","status":"publish","type":"page","link":"https:\/\/eins-zwei-drei.es\/ca\/tagesablauf","title":{"rendered":"El dia a dia"},"content":{"rendered":"<p>Cada dia a Eins Zwei Drei t\u00e9 una certa rutina que ajuda als nens a orientar-se. Encara que som flexibles, el dia a dia en el nostre espai s&#8217;organitza de la seg\u00fcent manera..<\/p>\n<p><strong>8:30- 9:30<\/strong><br \/>\nArribada dels nens<br \/>\nBenvinguda<br \/>\nJoc lliure<\/p>\n<p><strong>9:45<\/strong><br \/>\nEsmorzar<br \/>\nEl cercle del mat\u00ed<br \/>\nBall, m\u00fasica, pintar, jugar<br \/>\nExcursions als parcs infantils del barri i al <a href=\"http:\/\/eins-zwei-drei.es\/visitas-en-el-jardin-del-silencio\">Jard\u00ed del Silenci<\/a><\/p>\n<p><strong>11:30<\/strong><br \/>\nDinar<\/p>\n<p><strong>12:30 &#8211; 12:45<\/strong><br \/>\nRecollida dels nens del torn del mat\u00ed<\/p>\n<p><strong>13:00 &#8211; 14:30<\/strong><br \/>\nMigdiada<\/p>\n<p><strong>14:45 &#8211; 15:00\u00a0<\/strong><br \/>\nRecollida dels nens del seg\u00fcent torn<\/p>\n<p><strong>15:15<\/strong><br \/>\nBerenar<\/p>\n<p><strong>15:30<\/strong><br \/>\nActivitat de la tarda<br \/>\nBall, m\u00fasica, pintar, jugar<\/p>\n<p><strong>16:45- 17:00 <\/strong><br \/>\nRecollida dels nens del torn complet<\/p>","protected":false},"excerpt":{"rendered":"<p>Cada dia a Eins Zwei Drei t\u00e9 una certa rutina que ajuda als nens a orientar-se. Encara que som flexibles, el dia a dia en el nostre espai s&#8217;organitza de la seg\u00fcent manera.. 8:30- 9:30 Arribada dels nens Benvinguda Joc lliure 9:45 Esmorzar El cercle del mat\u00ed Ball, m\u00fasica, pintar, jugar Excursions als parcs infantils [&hellip;]<\/p>\n","protected":false},"author":1,"featured_media":0,"parent":0,"menu_order":0,"comment_status":"open","ping_status":"open","template":"","meta":{"footnotes":""},"class_list":["post-450","page","type-page","status-publish"],"_links":{"self":[{"href":"https:\/\/eins-zwei-drei.es\/ca\/wp-json\/wp\/v2\/pages\/450","targetHints":{"allow":["GET"]}}],"collection":[{"href":"https:\/\/eins-zwei-drei.es\/ca\/wp-json\/wp\/v2\/pages"}],"about":[{"href":"https:\/\/eins-zwei-drei.es\/ca\/wp-json\/wp\/v2\/types\/page"}],"author":[{"embeddable":true,"href":"https:\/\/eins-zwei-drei.es\/ca\/wp-json\/wp\/v2\/users\/1"}],"replies":[{"embeddable":true,"href":"https:\/\/eins-zwei-drei.es\/ca\/wp-json\/wp\/v2\/comments?post=450"}],"version-history":[{"count":26,"href":"https:\/\/eins-zwei-drei.es\/ca\/wp-json\/wp\/v2\/pages\/450\/revisions"}],"predecessor-version":[{"id":1413,"href":"https:\/\/eins-zwei-drei.es\/ca\/wp-json\/wp\/v2\/pages\/450\/revisions\/1413"}],"wp:attachment":[{"href":"https:\/\/eins-zwei-drei.es\/ca\/wp-json\/wp\/v2\/media?parent=450"}],"curies":[{"name":"wp","href":"https:\/\/api.w.org\/{rel}","templated":true}]}}