{"id":44,"date":"2015-03-14T19:46:34","date_gmt":"2015-03-14T19:46:34","guid":{"rendered":"http:\/\/eins-zwei-drei.es\/?page_id=44"},"modified":"2026-01-19T11:04:20","modified_gmt":"2026-01-19T11:04:20","slug":"oeffnungszeiten-gebuehren","status":"publish","type":"page","link":"https:\/\/eins-zwei-drei.es\/ca\/oeffnungszeiten-gebuehren","title":{"rendered":"Horaris i Preus"},"content":{"rendered":"<p><strong>Horaris<\/strong><\/p>\n<p>Eins Zwei Drei estar\u00e0 obert de dilluns a divendres de 8.30 a 17 hores. Estem oberts tot l&#8217;any, excepte durant les vacances de Nadal i de Setmana Santa. A m\u00e9s, oferim els dissabtes tallers de teatre, ball i art en alemany.<\/p>\n<p>Oferim diferents horaris de cust\u00f2dia de dilluns a divendres:<br \/>\nMat\u00ed: <strong>8.30 a 12.30 hores<\/strong><br \/>\nMitja Jornada: <strong>8.30 a 15 hores<\/strong><br \/>\nJornada completa: <strong>8.30 a 17 hores<\/strong><\/p>\n<p>Els nens haurien d&#8217;arribar al centre entre les 8.30 i les 9.30 hores.<\/p>\n<p><strong>Preus<\/strong><\/p>\n<p>Els preus s\u00f3n mensuals i amb IVA (<span id=\"result_box\" class=\"short_text\" lang=\"ca\"><span class=\"\">a partir<\/span><\/span> de 01.09.24):<\/p>\n<p>Mat\u00ed: <strong>450 euros<\/strong><br \/>\nMitja Jornada: <strong>575 euros<\/strong><br \/>\nJornada completa: <strong>700\u00a0euros<\/strong><\/p>\n<p>La quota mensual inclou: l&#8217;asseguran\u00e7a d&#8217;accident, l&#8217;esmorzar amb fruita i el berenar.<\/p>\n<p>Matr\u00edcula (anual): <strong>320 euros<\/strong><\/p>\n<p>El preu no inclou les despeses per al c\u00e0tering del dinar (el c\u00e0tering no \u00e9s obligatori).<br \/>\nSi dos o m\u00e9s germans estan inscrits, oferim un descompte del 20% dins la quota mensual.<\/p>","protected":false},"excerpt":{"rendered":"<p>Horaris Eins Zwei Drei estar\u00e0 obert de dilluns a divendres de 8.30 a 17 hores. Estem oberts tot l&#8217;any, excepte durant les vacances de Nadal i de Setmana Santa. A m\u00e9s, oferim els dissabtes tallers de teatre, ball i art en alemany. Oferim diferents horaris de cust\u00f2dia de dilluns a divendres: Mat\u00ed: 8.30 a 12.30 [&hellip;]<\/p>\n","protected":false},"author":1,"featured_media":0,"parent":0,"menu_order":0,"comment_status":"open","ping_status":"open","template":"","meta":{"footnotes":""},"class_list":["post-44","page","type-page","status-publish"],"_links":{"self":[{"href":"https:\/\/eins-zwei-drei.es\/ca\/wp-json\/wp\/v2\/pages\/44","targetHints":{"allow":["GET"]}}],"collection":[{"href":"https:\/\/eins-zwei-drei.es\/ca\/wp-json\/wp\/v2\/pages"}],"about":[{"href":"https:\/\/eins-zwei-drei.es\/ca\/wp-json\/wp\/v2\/types\/page"}],"author":[{"embeddable":true,"href":"https:\/\/eins-zwei-drei.es\/ca\/wp-json\/wp\/v2\/users\/1"}],"replies":[{"embeddable":true,"href":"https:\/\/eins-zwei-drei.es\/ca\/wp-json\/wp\/v2\/comments?post=44"}],"version-history":[{"count":112,"href":"https:\/\/eins-zwei-drei.es\/ca\/wp-json\/wp\/v2\/pages\/44\/revisions"}],"predecessor-version":[{"id":1578,"href":"https:\/\/eins-zwei-drei.es\/ca\/wp-json\/wp\/v2\/pages\/44\/revisions\/1578"}],"wp:attachment":[{"href":"https:\/\/eins-zwei-drei.es\/ca\/wp-json\/wp\/v2\/media?parent=44"}],"curies":[{"name":"wp","href":"https:\/\/api.w.org\/{rel}","templated":true}]}}