{"id":216,"date":"2015-04-06T08:49:30","date_gmt":"2015-04-06T08:49:30","guid":{"rendered":"http:\/\/eins-zwei-drei.es\/?page_id=216"},"modified":"2018-11-26T15:36:38","modified_gmt":"2018-11-26T15:36:38","slug":"die-idee-hinter-eins-zwei-drei","status":"publish","type":"page","link":"https:\/\/eins-zwei-drei.es\/ca\/die-idee-hinter-eins-zwei-drei","title":{"rendered":"Quina idea hi ha al darrere de Eins Zwei Drei"},"content":{"rendered":"<p><a href=\"http:\/\/eins-zwei-drei.es\/wp-content\/uploads\/2015\/04\/eins_zwei_drei_idee.jpg\"><img loading=\"lazy\" decoding=\"async\" class=\"alignright size-full wp-image-473\" src=\"http:\/\/eins-zwei-drei.es\/wp-content\/uploads\/2015\/04\/eins_zwei_drei_idee.jpg\" alt=\"eins_zwei_drei_idee\" width=\"166\" height=\"166\" srcset=\"https:\/\/eins-zwei-drei.es\/wp-content\/uploads\/2015\/04\/eins_zwei_drei_idee.jpg 166w, https:\/\/eins-zwei-drei.es\/wp-content\/uploads\/2015\/04\/eins_zwei_drei_idee-150x150.jpg 150w\" sizes=\"auto, (max-width: 166px) 100vw, 166px\" \/><\/a><\/p>\n<p>La escoleta es va obrir al maig de 2015. Aqu\u00ed la explicaci\u00f3 de Wolfgang Harbauer, fundador i antic gerent de &#8220;Eins Zwei Drei&#8221;:<\/p>\n<p>&#8220;La idea va sorgir poc abans del naixement de la nostra filla Emily l&#8217;estiu de 2014. Nosaltres &#8211; Patricia (de M\u00e0laga) i Wolfgang (d&#8217;un poble al nord de Baviera) &#8211; est\u00e0vem pensant com donar a la nostra filla un dels millors regals que hi ha: cr\u00e9ixer amb dos idiomes.<\/p>\n<p><strong><strong>Concepte clar i educaci\u00f3 en alemany<\/strong><\/strong><\/p>\n<p>Lamentablement no hi ha moltes places a les escoles bressol alemanyes a Barcelona. A m\u00e9s ten\u00edem un focus molt clar: busc\u00e0vem una guarderia per a nens petits amb un concepte pedag\u00f2gic i amb una educaci\u00f3 en alemany s\u00f2lida.<\/p>\n<p><strong>Espai alegre i segur al bell mig de Barcelona<\/strong><\/p>\n<p>Juntament amb el nostres educadors alemanys hem convertit la idea en realitat. Volem oferir un espai alegre i segur, on els petits puguin desenvolupar les seves habilitats i cr\u00e9ixer feli\u00e7os. Volem que vosaltres els pares, pugueu tenir la certesa de que els vostres nens estaran ben cuidats. Tenim un m\u00e0xim de 5 nens per educador, perqu\u00e8 una bona educaci\u00f3 necessita temps i atenci\u00f3 individual. <a href=\"https:\/\/eins-zwei-drei.es\/ca\/konzept\">Aqu\u00ed trobareu m\u00e9s informaci\u00f3 sobre el nostre concepte<\/a>.<\/p>\n<p><strong>La nostra filosofia com a empresa<\/strong><\/p>\n<p>Eins Zwei Drei &#8211; Kinder in Gracia \u00e9s una iniciativa privada i es finan\u00e7a exclusivament a trav\u00e9s de les quotes dels pares. Encara que som una entitat privada, el nostre focus no \u00e9s l&#8217;augment de benefici (sabent fins quin punt l\u2019avar\u00edcia a malm\u00e8s al m\u00f3n). Busquem un finan\u00e7ament s\u00f2lid i transparent. Invertim els nostres super\u00e0vits en el nostre espai i en la formaci\u00f3 dels nostres educadors.<\/p>\n<p>En la col\u00b7laboraci\u00f3 amb altres empreses valorem conceptes locals i un enfocament ecol\u00f2gic.<\/p>\n<p>Si voleu saber m\u00e9s o teniu preguntes, ens podeu contactar a: info@eins-zwei-drei.es.&#8221;<\/p>\n<p><em>Patricia y Wolfgang, Abril de 2014<\/em><\/p>","protected":false},"excerpt":{"rendered":"<p>La escoleta es va obrir al maig de 2015. Aqu\u00ed la explicaci\u00f3 de Wolfgang Harbauer, fundador i antic gerent de &#8220;Eins Zwei Drei&#8221;: &#8220;La idea va sorgir poc abans del naixement de la nostra filla Emily l&#8217;estiu de 2014. Nosaltres &#8211; Patricia (de M\u00e0laga) i Wolfgang (d&#8217;un poble al nord de Baviera) &#8211; est\u00e0vem pensant [&hellip;]<\/p>\n","protected":false},"author":1,"featured_media":0,"parent":0,"menu_order":0,"comment_status":"open","ping_status":"open","template":"","meta":{"footnotes":""},"class_list":["post-216","page","type-page","status-publish"],"_links":{"self":[{"href":"https:\/\/eins-zwei-drei.es\/ca\/wp-json\/wp\/v2\/pages\/216","targetHints":{"allow":["GET"]}}],"collection":[{"href":"https:\/\/eins-zwei-drei.es\/ca\/wp-json\/wp\/v2\/pages"}],"about":[{"href":"https:\/\/eins-zwei-drei.es\/ca\/wp-json\/wp\/v2\/types\/page"}],"author":[{"embeddable":true,"href":"https:\/\/eins-zwei-drei.es\/ca\/wp-json\/wp\/v2\/users\/1"}],"replies":[{"embeddable":true,"href":"https:\/\/eins-zwei-drei.es\/ca\/wp-json\/wp\/v2\/comments?post=216"}],"version-history":[{"count":58,"href":"https:\/\/eins-zwei-drei.es\/ca\/wp-json\/wp\/v2\/pages\/216\/revisions"}],"predecessor-version":[{"id":1203,"href":"https:\/\/eins-zwei-drei.es\/ca\/wp-json\/wp\/v2\/pages\/216\/revisions\/1203"}],"wp:attachment":[{"href":"https:\/\/eins-zwei-drei.es\/ca\/wp-json\/wp\/v2\/media?parent=216"}],"curies":[{"name":"wp","href":"https:\/\/api.w.org\/{rel}","templated":true}]}}