{"id":13,"date":"2022-09-22T21:00:31","date_gmt":"2022-09-22T21:00:31","guid":{"rendered":"http:\/\/eins-zwei-drei.es\/?page_id=13"},"modified":"2026-01-19T10:38:14","modified_gmt":"2026-01-19T10:38:14","slug":"team","status":"publish","type":"page","link":"https:\/\/eins-zwei-drei.es\/ca\/team","title":{"rendered":"Equip"},"content":{"rendered":"<p><strong>&#8220;I qui tindr\u00e0 cura del meu infant?&#8221; &#8211; Per descomptat, com a pares us feu aquesta pregunta quan esteu buscant una llar d&#8217;infants per al vostre petit. Volem presentar-nos i estem il\u00b7lusionats de con\u00e8ixer al vostre infant i a vosaltres en persona.<\/strong><\/p>\n<p>&nbsp;<\/p>\n<p><strong><a href=\"http:\/\/eins-zwei-drei.es\/wp-content\/uploads\/2021\/03\/zeller-transparent.png\"><img loading=\"lazy\" decoding=\"async\" class=\" wp-image-1362 alignleft\" src=\"http:\/\/eins-zwei-drei.es\/wp-content\/uploads\/2021\/03\/zeller-transparent.png\" alt=\"zeller-transparent\" width=\"165\" height=\"165\" srcset=\"https:\/\/eins-zwei-drei.es\/wp-content\/uploads\/2021\/03\/zeller-transparent.png 166w, https:\/\/eins-zwei-drei.es\/wp-content\/uploads\/2021\/03\/zeller-transparent-150x150.png 150w\" sizes=\"auto, (max-width: 165px) 100vw, 165px\" \/><\/a>Carolin \u201cCaro\u201d Zeller, educadora infantil titulada<\/strong><\/p>\n<p>Des que vaig acabar la meva formaci\u00f3 com a educadora infantil el 2015 ja he pogut agafar experi\u00e8ncia en el treball amb nens de diferents edats. El m\u00e9s emocionant i significatiu de la meva professi\u00f3 \u00e9s per a mi poder acompanyar i recolzar els nens en els seus primers passos evolutius i experi\u00e8ncies vitals. Em d\u00f3na molta alegria viure amb ells el dia a dia els seus processos d&#8217;aprenentatge, i refor\u00e7ar-los que creixin com a personalitats independents, equilibrades i individuals, perqu\u00e8 al final de la seva estada a la Kita surtin valents cap al futur. Des d&#8217;agost del 2019 visc a Barcelona, i despr\u00e9s d&#8217;haver treballat durant l&#8217;any passat en diferents feines com nanny i professora d&#8217;alemany particular, estic molt contenta de formar part de l&#8217;equip d&#8217;Eins Zwei Drei des de l&#8217;agost del 2020.<\/p>\n<p>&nbsp;<\/p>\n<p class=\"Poromisin\"><a href=\"http:\/\/eins-zwei-drei.es\/wp-content\/uploads\/2022\/09\/Unbenannt.png\"><img loading=\"lazy\" decoding=\"async\" class=\"alignnone wp-image-1480 alignleft\" src=\"http:\/\/eins-zwei-drei.es\/wp-content\/uploads\/2022\/09\/Unbenannt-300x300.png\" alt=\"Raquel\" width=\"186\" height=\"186\" srcset=\"https:\/\/eins-zwei-drei.es\/wp-content\/uploads\/2022\/09\/Unbenannt-300x300.png 300w, https:\/\/eins-zwei-drei.es\/wp-content\/uploads\/2022\/09\/Unbenannt-150x150.png 150w, https:\/\/eins-zwei-drei.es\/wp-content\/uploads\/2022\/09\/Unbenannt.png 533w\" sizes=\"auto, (max-width: 186px) 100vw, 186px\" \/><\/a><\/p>\n<p class=\"Poromisin\"><b><span lang=\"EN-US\">\u00a0<\/span><\/b><strong><span lang=\"EN-US\">Raquel Royo Barba, mestra d\u2018educaci\u00f3 infantil<\/span><\/strong><\/p>\n<p class=\"Poromisin\" style=\"text-align: left;\"><span lang=\"CA\">Des que era petita vaig tenir clar que em volia dedicar a l&#8217;\u00e0mbit social, per a ajudar a nens i nenes durant la seva inf\u00e0ncia. Aix\u00ed que en 2013 em vaig graduar com a mestra en educaci\u00f3 infantil. <\/span><\/p>\n<p class=\"Poromisin\" style=\"text-align: left;\"><span lang=\"CA\">Com que volia assumir nous reptes i viure noves experi\u00e8ncies, em vaig mudar a Munic al setembre de 2014. Durant vuit anys vaig adquirir moltes experi\u00e8ncies en dues escoles infantils amb nens i nenes entre sis mesos i tres anys, i durant aquests anys vaig aprendre tamb\u00e9 alemany. Al maig de 2022 vaig aprovar el nivell C2 d\u2019alemany en el Goethe Institut.\u00a0<\/span>El que m\u00e9s gaudeixo de la meva feina com a mestra \u00e9s acompanyar als infants durant els seus primers anys de vida i ajudar-los durant el seu desenvolupament. \u00c9s de vital import\u00e0ncia per mi, \u00a0fomentar l&#8217;autonomia de les criatures, atendre al desenvolupament social i emocional, aix\u00ed com al desenvolupament del llenguatge.<\/p>\n<p class=\"Poromisin\" style=\"text-align: left;\"><span lang=\"CA\">Des d&#8217;agost de 2022 visc de nou a Barcelona i tinc la sort de pert\u00e0nyer des de novembre de 2022 a l&#8217;equip d\u2018 Eins, Zwei, Drei.<\/span><\/p>\n<p>&nbsp;<\/p>\n<p><a href=\"http:\/\/eins-zwei-drei.es\/wp-content\/uploads\/2024\/04\/celina-2.png\"><img loading=\"lazy\" decoding=\"async\" class=\" wp-image-1523 alignleft\" src=\"http:\/\/eins-zwei-drei.es\/wp-content\/uploads\/2024\/04\/celina-2-300x281.png\" alt=\"celina\" width=\"199\" height=\"186\" srcset=\"https:\/\/eins-zwei-drei.es\/wp-content\/uploads\/2024\/04\/celina-2-300x281.png 300w, https:\/\/eins-zwei-drei.es\/wp-content\/uploads\/2024\/04\/celina-2.png 585w\" sizes=\"auto, (max-width: 199px) 100vw, 199px\" \/><\/a><strong>Celina Mayr, Pedagoga de dansa<\/strong><\/p>\n<p>Treballar en un entorn social i fomentar la creativitat sempre ha estat la meva passi\u00f3. Des d&#8217;una edat primerenca, he tingut l&#8217;oportunitat de perseguir el meu desig d&#8217;acompanyar els nens en el seu desenvolupament individual. Durant m\u00e9s de dos anys fins al 2019, vaig formar part de l&#8217;equip en una guarderia Montessori, on cada dia em desafiava a trobar solucions creatives.<br \/>\nDurant els meus quatre anys d&#8217;estudis en dansa contempor\u00e0nia, culminats el 2023, tamb\u00e9 vaig exercir com a professora de dansa, guiant nens de totes les edats. La fusi\u00f3 entre el moviment, la creativitat i l&#8217;aprenentatge sempre ha estat una font d&#8217;inspiraci\u00f3 per a mi, i m&#8217;omple d&#8217;emoci\u00f3 poder transmetre-ho als nens.\u00a0Com a educadora, considero fonamental oferir als nens l&#8217;espai necessari per al seu desenvolupament individual, recolzar les seves decisions i processos d&#8217;aprenentatge, i estimular la seva curiositat per descobrir el m\u00f3n que els envolta.<\/p>\n<p>Des de setembre de 2023, em sento molt feli\u00e7 de viure aqu\u00ed a Barcelona i de formar part de Eins Zwei Drei des de mar\u00e7 de 2024.<\/p>\n<p>&nbsp;<\/p>\n<p><strong>Aline Rudolf, MA\u00a0pedagogia,\u00a0direcci\u00f3\/gerent<\/strong><strong><img loading=\"lazy\" decoding=\"async\" class=\"wp-image-1469 alignleft\" src=\"http:\/\/eins-zwei-drei.es\/wp-content\/uploads\/2015\/03\/Aline-transparent-3-219x300.png\" alt=\"Aline-transparent\" width=\"158\" height=\"216\" srcset=\"https:\/\/eins-zwei-drei.es\/wp-content\/uploads\/2015\/03\/Aline-transparent-3-219x300.png 219w, https:\/\/eins-zwei-drei.es\/wp-content\/uploads\/2015\/03\/Aline-transparent-3.png 502w\" sizes=\"auto, (max-width: 158px) 100vw, 158px\" \/><\/strong><\/p>\n<p style=\"text-align: left;\"><span lang=\"CA\">Com a pedagoga amb ma\u0300ster en Pedagogia Inclusiva i Prima\u0300ria, e\u0301s primordial en la meva praxi professional que cada nen sigui escoltat i compre\u0300s. La mu\u0301sica i la dansa so\u0301n dos dels canals primordials de comunicacio\u0301 que faig servir per a facilitar el seu desenvolupament lingu\u0308i\u0301stic i proce\u0301s d&#8217;aprenentatge. <\/span><span lang=\"CA\">Treballar a Eins Zwei Drei m&#8217;agrada perque\u0300 precisament em do\u0301na l&#8217;oportunitat de formar a nens multilingu\u0308es i d&#8217;entaular un veritable dia\u0300leg amb ells.<\/span><\/p>\n<p><span lang=\"CA\"><br \/>\nEls meus deu anys d&#8217;experie\u0300ncia treballant amb nens i adolescents de diferents edats han perme\u0300s tenir la sort de poder dirigir Eins Zwei Drei, alhora que treballo amb els nens com a educadora en la vida pedago\u0300gica quotidiana. <\/span><\/p>\n<p>&nbsp;<\/p>\n<p>&nbsp;<\/p>\n<p><strong>\u00bfEns voleu con\u00e8ixer? Escriviu-nos a: info@eins-zwei-drei.es o truqueu-nos al tel\u00e8fon: 619 588 187.<\/strong><\/p>\n<p>&nbsp;<\/p>\n<p><a href=\"https:\/\/eins-zwei-drei.es\/ca\/die-idee-hinter-eins-zwei-drei\">aqu\u00ed m\u00e9s sobre la nostra idea<\/a><\/p>","protected":false},"excerpt":{"rendered":"<p>&#8220;I qui tindr\u00e0 cura del meu infant?&#8221; &#8211; Per descomptat, com a pares us feu aquesta pregunta quan esteu buscant una llar d&#8217;infants per al vostre petit. Volem presentar-nos i estem il\u00b7lusionats de con\u00e8ixer al vostre infant i a vosaltres en persona. &nbsp; Carolin \u201cCaro\u201d Zeller, educadora infantil titulada Des que vaig acabar la meva [&hellip;]<\/p>\n","protected":false},"author":1,"featured_media":321,"parent":0,"menu_order":0,"comment_status":"open","ping_status":"open","template":"","meta":{"footnotes":""},"class_list":["post-13","page","type-page","status-publish","has-post-thumbnail"],"_links":{"self":[{"href":"https:\/\/eins-zwei-drei.es\/ca\/wp-json\/wp\/v2\/pages\/13","targetHints":{"allow":["GET"]}}],"collection":[{"href":"https:\/\/eins-zwei-drei.es\/ca\/wp-json\/wp\/v2\/pages"}],"about":[{"href":"https:\/\/eins-zwei-drei.es\/ca\/wp-json\/wp\/v2\/types\/page"}],"author":[{"embeddable":true,"href":"https:\/\/eins-zwei-drei.es\/ca\/wp-json\/wp\/v2\/users\/1"}],"replies":[{"embeddable":true,"href":"https:\/\/eins-zwei-drei.es\/ca\/wp-json\/wp\/v2\/comments?post=13"}],"version-history":[{"count":177,"href":"https:\/\/eins-zwei-drei.es\/ca\/wp-json\/wp\/v2\/pages\/13\/revisions"}],"predecessor-version":[{"id":1574,"href":"https:\/\/eins-zwei-drei.es\/ca\/wp-json\/wp\/v2\/pages\/13\/revisions\/1574"}],"wp:featuredmedia":[{"embeddable":true,"href":"https:\/\/eins-zwei-drei.es\/ca\/wp-json\/wp\/v2\/media\/321"}],"wp:attachment":[{"href":"https:\/\/eins-zwei-drei.es\/ca\/wp-json\/wp\/v2\/media?parent=13"}],"curies":[{"name":"wp","href":"https:\/\/api.w.org\/{rel}","templated":true}]}}