{"id":10,"date":"2015-03-14T12:00:01","date_gmt":"2015-03-14T12:00:01","guid":{"rendered":"http:\/\/eins-zwei-drei.es\/?page_id=10"},"modified":"2017-02-23T10:07:39","modified_gmt":"2017-02-23T10:07:39","slug":"konzept","status":"publish","type":"page","link":"https:\/\/eins-zwei-drei.es\/ca\/konzept","title":{"rendered":"Concepte pedag\u00f2gic"},"content":{"rendered":"<p><img loading=\"lazy\" decoding=\"async\" class=\"alignright size-full wp-image-375\" src=\"http:\/\/eins-zwei-drei.es\/wp-content\/uploads\/2015\/03\/konzept.png\" alt=\"konzept\" width=\"166\" height=\"166\" srcset=\"https:\/\/eins-zwei-drei.es\/wp-content\/uploads\/2015\/03\/konzept.png 241w, https:\/\/eins-zwei-drei.es\/wp-content\/uploads\/2015\/03\/konzept-150x150.png 150w\" sizes=\"auto, (max-width: 166px) 100vw, 166px\" \/><\/p>\n<p><strong>Eins Zwei Drei &#8211; Kinder in Gracia&#8230;<\/strong><\/p>\n<p>&#8230;es un espai d\u2019educaci\u00f3 en alemany a Barcelona. Els nostres educadors parlen alemany amb els nens durant tota la jornada i acompanyen als petits pedag\u00f2gicament. Tenim cura de nens entre 8 mesos i 3 anys d\u2019edat. <span id=\"result_box\" class=\"\" lang=\"ca\">El nostre grup <span class=\"\">est\u00e0<\/span> format per un m\u00e0xim de 15 nens, que s\u00f3n atesos pel nostre 3 <span class=\"\">educadores.<\/span><\/span><\/p>\n<p>Dins el nostre dia a dia, ens orientem en el concepte educatiu de la pediatra Emmi Pikler. La pedagogia segons Emmi Pickler: no es un m\u00e8tode es una aptitud. En aquest concepte totes les activitats s\u2019acompanyen idiom\u00e0ticament. D\u2019aquesta manera el nen te temps d\u2019adaptar-se a les situacions i d\u2019estar en contacte amb l\u2019idioma de forma constant, arribant a con\u00e8ixer el so, la melodia i el ritme de la llengua. Un s&#8217;ho pot imaginar com un bany d\u2019 idioma. Els nens primer xipollegen a l\u2019aigua i despr\u00e8s aprenen a nedar.<\/p>\n<p><strong>A m\u00e9s de l&#8217;educaci\u00f3 en alemany els nostres objectius s\u00f3n &#8230;<\/strong><\/p>\n<p>&#8230; Tenir cura de cada nen com un \u00e9sser individual<br \/>\n&#8230; Fomentar l&#8217;autonomia i l\u2019activitat pr\u00f2pia de cada nen<br \/>\n&#8230; Facilitar valors com la humanitat i l\u2019amistat<br \/>\n&#8230; Donar espai i temps per al moviment<br \/>\n&#8230; Recolzar l&#8217;evoluci\u00f3 social, f\u00edsica i creativa en el joc lliure i guiat<br \/>\n&#8230; Ensenyar als nens una alimentaci\u00f3 sana i conscient<br \/>\n&#8230; Establir una comunicaci\u00f3 constant amb els pares sobre l&#8217;evoluci\u00f3 del seu fill<\/p>\n<p><strong>Familiaritzaci\u00f3<\/strong><\/p>\n<p>Utilitzem el &#8220;model berlin\u00e8s&#8221; per la familiaritzaci\u00f3, juntament amb un dels pares. L&#8217;objectiu \u00e9s el de facilitar al nen una transici\u00f3 suau del seu entorn familiar amb l&#8217;espai educatiu. El temps d\u2019aquesta familiaritzaci\u00f3 s&#8217;ajusta a les necessitats de cada nen.<\/p>","protected":false},"excerpt":{"rendered":"<p>Eins Zwei Drei &#8211; Kinder in Gracia&#8230; &#8230;es un espai d\u2019educaci\u00f3 en alemany a Barcelona. Els nostres educadors parlen alemany amb els nens durant tota la jornada i acompanyen als petits pedag\u00f2gicament. Tenim cura de nens entre 8 mesos i 3 anys d\u2019edat. El nostre grup est\u00e0 format per un m\u00e0xim de 15 nens, que [&hellip;]<\/p>\n","protected":false},"author":1,"featured_media":318,"parent":0,"menu_order":0,"comment_status":"open","ping_status":"open","template":"","meta":{"footnotes":""},"class_list":["post-10","page","type-page","status-publish","has-post-thumbnail"],"_links":{"self":[{"href":"https:\/\/eins-zwei-drei.es\/ca\/wp-json\/wp\/v2\/pages\/10","targetHints":{"allow":["GET"]}}],"collection":[{"href":"https:\/\/eins-zwei-drei.es\/ca\/wp-json\/wp\/v2\/pages"}],"about":[{"href":"https:\/\/eins-zwei-drei.es\/ca\/wp-json\/wp\/v2\/types\/page"}],"author":[{"embeddable":true,"href":"https:\/\/eins-zwei-drei.es\/ca\/wp-json\/wp\/v2\/users\/1"}],"replies":[{"embeddable":true,"href":"https:\/\/eins-zwei-drei.es\/ca\/wp-json\/wp\/v2\/comments?post=10"}],"version-history":[{"count":61,"href":"https:\/\/eins-zwei-drei.es\/ca\/wp-json\/wp\/v2\/pages\/10\/revisions"}],"predecessor-version":[{"id":1072,"href":"https:\/\/eins-zwei-drei.es\/ca\/wp-json\/wp\/v2\/pages\/10\/revisions\/1072"}],"wp:featuredmedia":[{"embeddable":true,"href":"https:\/\/eins-zwei-drei.es\/ca\/wp-json\/wp\/v2\/media\/318"}],"wp:attachment":[{"href":"https:\/\/eins-zwei-drei.es\/ca\/wp-json\/wp\/v2\/media?parent=10"}],"curies":[{"name":"wp","href":"https:\/\/api.w.org\/{rel}","templated":true}]}}